{"id":9204,"date":"2022-12-20T03:38:01","date_gmt":"2022-12-20T00:38:01","guid":{"rendered":"https:\/\/tunahavuz.com\/?post_type=product&#038;p=9204"},"modified":"2025-08-07T12:25:26","modified_gmt":"2025-08-07T09:25:26","slug":"tiger-shark-xl-qc-otomatik-havuz-robotu-tasima-arabasi","status":"publish","type":"product","link":"https:\/\/tunahavuz.com\/online\/urun\/tiger-shark-xl-qc-otomatik-havuz-robotu-tasima-arabasi\/","title":{"rendered":"Tiger Shark XL QC Otomatik Havuz Robotu + Ta\u015f\u0131ma Arabas\u0131"},"content":{"rendered":"<div>\n<h1>T\u0130GER SHARK XL QC<\/h1>\n<h2>OTOMAT\u0130K HAVUZ ROBOTU<\/h2>\n<\/div>\n<div><img decoding=\"async\" src=\"https:\/\/havuzdan.myideasoft.com\/class\/INNOVAEditor\/assets\/t%C4%B1gergiri%C5%9Fxl.png\" alt=\"\" border=\"0\" \/><\/div>\n<div>\n<div>\n<h3>TIGER SHARK XL QC Teknik \u00f6zellikler<\/h3>\n<p>Kablo uzunlu\u011fu:\u00a016.76m<br \/>\nEmi\u015f g\u00fcc\u00fc:\u00a017m3\/saat<br \/>\nTemizleme h\u0131z\u0131:\u00a018 m\/dak<br \/>\nTemiz y\u00fczey:\u00a05 m2\/ dak<br \/>\nVoltaj:220V<br \/>\nMotor Boyutlar:41x41x28 cm<br \/>\n\u00c7al\u0131\u015fma d\u00f6ng\u00fcs\u00fc:\u00a090 dak \/ 4 sa<br \/>\nAraba:\u00a0EVET<\/p><\/div>\n<div><\/div>\n<div>\n<div>15 m&#8217;ye kadar olan havuzlar i\u00e7in dip ve duvar temizli\u011fi<br \/>\nSa\u011flaml\u0131k ve verimlilik i\u00e7in ideal bir robottur.<br \/>\nBoylar\u0131 15 metreye kadar olan havuzlarda suyun dibini, duvarlar\u0131n\u0131 ve su hatt\u0131n\u0131 iyile\u015ftirir.<\/div>\n<div><\/div>\n<div>\n<div>A\u00e7\u0131klama<br \/>\nHayward TigerShark\u00ae serisi robotik temizleyiciler, yeni ve \u00e7a\u011fda\u015f bir tasar\u0131ma sahiptir.<\/div>\n<div>Ak\u0131ll\u0131 mikroi\u015flemci tabanl\u0131 teknolojiyle donat\u0131lm\u0131\u015f TigerShark QC ailesi, g\u00fcvenilirlik ve<\/div>\n<div>verimlilikteki \u00fcst\u00fcn performans\u0131yla tan\u0131n\u0131r. TigerShark QC, havuzunuzun neredeyse<\/div>\n<div>her alan\u0131n\u0131n \u00e7ok daha temiz ve h\u0131zl\u0131 olmas\u0131n\u0131 sa\u011flar.\u00a0TigerShark QC otomatik robotik temizleyici,<\/div>\n<div>90 dakikal\u0131k h\u0131zl\u0131 Temizleme d\u00f6ng\u00fcs\u00fc ile muazzamd\u0131r.<\/div>\n<div><\/div>\n<div><\/div>\n<div>\n<div>\n<div>Havuz Robotu Nas\u0131l Temizlik Yapar?<\/div>\n<div><img decoding=\"async\" src=\"https:\/\/www.havuzdan.com\/class\/INNOVAEditor\/assets\/TIGERSHARKXL\/TEM%C4%B0ZL%C4%B0K.png\" alt=\"\" border=\"0\" \/><\/div>\n<\/div>\n<p>&nbsp;<\/p>\n<div>Havuzu do\u011fru bir \u015fekilde taranmas\u0131 sayesinde robot, t\u00fcm y\u00fczeyi kademeli olarak temizler.<\/div>\n<div>G\u00f6r\u00fcn\u00fc\u015fe g\u00f6re rastgele temizleme, asl\u0131nda optimize edilmi\u015f bir sonu\u00e7 elde etmek i\u00e7in tasarlanm\u0131\u015ft\u0131r.<\/div>\n<div>Temizleme d\u00f6ng\u00fcs\u00fcn\u00fcn sonunda havuz tamamen temiz olacakt\u0131r.<\/div>\n<div><\/div>\n<div>\n<div>M\u00fckemmel F\u0131r\u00e7alar<\/div>\n<div>\n<div><img decoding=\"async\" src=\"https:\/\/www.havuzdan.com\/class\/INNOVAEditor\/assets\/TIGERSHARKXL\/F%C4%B1r%C3%A7alar1.png\" alt=\"\" border=\"0\" \/><\/div>\n<div>Her t\u00fcr havuz kaplamas\u0131 i\u00e7in ideal evrensel f\u0131r\u00e7alar<\/div>\n<\/div>\n<div><\/div>\n<div>\n<div>Faydalar\u0131 Nelerdir?<\/div>\n<div>\n<div><img decoding=\"async\" src=\"https:\/\/www.havuzdan.com\/class\/INNOVAEditor\/assets\/TIGERSHARKXL\/Faydalar.jpg\" alt=\"\" border=\"0\" \/><\/div>\n<div>Tank\u0131n \u015feklini ve boyutunu hesaplamak i\u00e7in ASCL kontrol mikroi\u015flemcisi 2 saatten daha k\u0131sa s\u00fcrede temizlik i\u00e7in h\u0131zl\u0131 temiz temizlik<\/div>\n<div>Ergonomik g\u00fc\u00e7lendirilmi\u015f kartu\u015f filtrasyonu kolay temizlenir Program sonunda otomatik durdurma<\/div>\n<div>\u00c7al\u0131\u015fma d\u00f6ng\u00fcleri: 90 dakika veya 4 saat.\u00a0Elektronik a\u015f\u0131r\u0131 y\u00fck koruma sistemi<\/div>\n<div>Basitle\u015ftirilmi\u015f tahrik sistemi\u00a0Daha fazla g\u00fcvenilirlik i\u00e7in korozyona dayan\u0131kl\u0131 rulmanlar<\/div>\n<\/div>\n<div><\/div>\n<div>\n<div><\/div>\n<div>Filtreleme Sistemi ve Temizli\u011fi<\/div>\n<div><\/div>\n<div>\n<div><img decoding=\"async\" src=\"https:\/\/www.havuzdan.com\/class\/INNOVAEditor\/assets\/TIGERSHARKQC\/KOLAYBAKIM.png\" alt=\"\" border=\"0\" \/><\/div>\n<div>\n<div>Bo\u015faltmay\u0131 kolayla\u015ft\u0131r\u0131r, sadece temizleyiciyi a\u00e7\u0131n, kartu\u015fu \u00e7\u0131kar\u0131n ve bir hortumla durulay\u0131n. Kullan\u0131m\u0131 kolay<\/div>\n<div>Ekstra hortum, ba\u011flant\u0131 veya pompa gerekmez.<\/div>\n<div>Havuzun filtrasyon sisteminden ayr\u0131 olarak \u00e7al\u0131\u015f\u0131r ve filtre geri y\u0131kama d\u00f6ng\u00fclerinin s\u0131kl\u0131\u011f\u0131n\u0131 azalt\u0131r.<\/div>\n<\/div>\n<div><\/div>\n<div>\n<div>2 Y\u0131l Garanti S\u00fcresi<br \/>\nTalep \u00fczerine \u00e7e\u015fitli se\u00e7enekler ve versiyonlar mevcuttur.<\/div>\n<div><\/div>\n<div>Profesyoneller yada Bireyseller i\u00e7in y\u00fcksek kaliteli markalar\u0131, teknolojiye uygun \u00fcr\u00fcnleri <strong>Tuna Havuz<\/strong> olarak<br \/>\nT\u00fcrkiye\u2019nin d\u00f6rt bir yan\u0131na sunmaktay\u0131z. Ev Havuzu, Y\u00fczme Havuzu, Olimpik Havuzlar, Bah\u00e7e Havuzlar\u0131, G\u00f6letler ve<br \/>\nT\u00fcm Havuz \u0130htiya\u00e7lar\u0131n\u0131z\u0131 tam ve eksiksiz sa\u011flayabilmek i\u00e7in bir telefon kadar yak\u0131n\u0131n\u0131zday\u0131z&#8230;<\/div>\n<\/div>\n<\/div>\n<\/div>\n<\/div>\n<\/div>\n<\/div>\n<\/div>\n<\/div>\n<\/div>\n","protected":false},"excerpt":{"rendered":"<p>T\u0130GER SHARK XL QC OTOMAT\u0130K HAVUZ ROBOTU TIGER SHARK XL QC Teknik \u00f6zellikler Kablo uzunlu\u011fu:\u00a016.76m Emi\u015f g\u00fcc\u00fc:\u00a017m3\/saat Temizleme h\u0131z\u0131:\u00a018 m\/dak<\/p>\n","protected":false},"featured_media":9205,"template":"","meta":[],"product_brand":[],"product_cat":[315,499],"product_tag":[],"class_list":{"0":"post-9204","1":"product","2":"type-product","3":"status-publish","4":"has-post-thumbnail","6":"product_cat-havuz-robotlari","7":"product_cat-tiger-shark-havuz-robotu","9":"first","10":"instock","11":"taxable","12":"shipping-taxable","13":"product-type-simple"},"_links":{"self":[{"href":"https:\/\/tunahavuz.com\/online\/wp-json\/wp\/v2\/product\/9204","targetHints":{"allow":["GET"]}}],"collection":[{"href":"https:\/\/tunahavuz.com\/online\/wp-json\/wp\/v2\/product"}],"about":[{"href":"https:\/\/tunahavuz.com\/online\/wp-json\/wp\/v2\/types\/product"}],"version-history":[{"count":1,"href":"https:\/\/tunahavuz.com\/online\/wp-json\/wp\/v2\/product\/9204\/revisions"}],"predecessor-version":[{"id":29518,"href":"https:\/\/tunahavuz.com\/online\/wp-json\/wp\/v2\/product\/9204\/revisions\/29518"}],"wp:featuredmedia":[{"embeddable":true,"href":"https:\/\/tunahavuz.com\/online\/wp-json\/wp\/v2\/media\/9205"}],"wp:attachment":[{"href":"https:\/\/tunahavuz.com\/online\/wp-json\/wp\/v2\/media?parent=9204"}],"wp:term":[{"taxonomy":"product_brand","embeddable":true,"href":"https:\/\/tunahavuz.com\/online\/wp-json\/wp\/v2\/product_brand?post=9204"},{"taxonomy":"product_cat","embeddable":true,"href":"https:\/\/tunahavuz.com\/online\/wp-json\/wp\/v2\/product_cat?post=9204"},{"taxonomy":"product_tag","embeddable":true,"href":"https:\/\/tunahavuz.com\/online\/wp-json\/wp\/v2\/product_tag?post=9204"}],"curies":[{"name":"wp","href":"https:\/\/api.w.org\/{rel}","templated":true}]}}