{"id":9219,"date":"2022-12-20T04:10:09","date_gmt":"2022-12-20T01:10:09","guid":{"rendered":"https:\/\/tunahavuz.com\/?post_type=product&#038;p=9219"},"modified":"2025-08-07T12:24:32","modified_gmt":"2025-08-07T09:24:32","slug":"havuz-robotu-astral-max-3","status":"publish","type":"product","link":"https:\/\/tunahavuz.com\/online\/urun\/havuz-robotu-astral-max-3\/","title":{"rendered":"Havuz Robotu Astral Max 3"},"content":{"rendered":"<h1>Astral Max 3 Havuz Robotu<\/h1>\n<div><\/div>\n<div>Temizlik s\u00fcresi 2,5 saat<\/div>\n<div><\/div>\n<div><img decoding=\"async\" src=\"https:\/\/www.havuzdan.com\/class\/INNOVAEditor\/assets\/Astral_Max3%20_57348_info_1.jpg\" alt=\"Astral Havuz Robotu\" border=\"0\" \/><\/div>\n<div><\/div>\n<div><img decoding=\"async\" src=\"https:\/\/www.havuzdan.com\/class\/INNOVAEditor\/assets\/Karsilastirma_tablosu_astral.jpg\" alt=\"Robot Kar\u015f\u0131la\u015ft\u0131rma Astral\" border=\"0\" \/><\/div>\n<div><img decoding=\"async\" src=\"https:\/\/www.havuzdan.com\/class\/INNOVAEditor\/assets\/Astral_Max3_57348_1.jpg\" alt=\"Astral Havuz Robot\" border=\"0\" \/><\/div>\n<div><\/div>\n<div>Profesyoneller yada Bireyseller i\u00e7in y\u00fcksek kaliteli markalar\u0131, teknolojiye uygun \u00fcr\u00fcnleri <strong>Tuna Havuz<\/strong> olarak<br \/>\nT\u00fcrkiye\u2019nin d\u00f6rt bir yan\u0131na sunmaktay\u0131z. Ev Havuzu, Y\u00fczme Havuzu, Olimpik Havuzlar, Bah\u00e7e Havuzlar\u0131, G\u00f6letler ve<br \/>\nT\u00fcm Havuz \u0130htiya\u00e7lar\u0131n\u0131z\u0131 tam ve eksiksiz sa\u011flayabilmek i\u00e7in bir telefon kadar yak\u0131n\u0131n\u0131zday\u0131z&#8230;<\/div>\n","protected":false},"excerpt":{"rendered":"<p>Astral Max 3 Havuz Robotu Temizlik s\u00fcresi 2,5 saat Profesyoneller yada Bireyseller i\u00e7in y\u00fcksek kaliteli markalar\u0131, teknolojiye uygun \u00fcr\u00fcnleri Tuna<\/p>\n","protected":false},"featured_media":9220,"template":"","meta":[],"product_brand":[],"product_cat":[551,315],"product_tag":[],"class_list":{"0":"post-9219","1":"product","2":"type-product","3":"status-publish","4":"has-post-thumbnail","6":"product_cat-astral-havuz-robotu","7":"product_cat-havuz-robotlari","9":"first","10":"instock","11":"taxable","12":"shipping-taxable","13":"product-type-simple"},"_links":{"self":[{"href":"https:\/\/tunahavuz.com\/online\/wp-json\/wp\/v2\/product\/9219","targetHints":{"allow":["GET"]}}],"collection":[{"href":"https:\/\/tunahavuz.com\/online\/wp-json\/wp\/v2\/product"}],"about":[{"href":"https:\/\/tunahavuz.com\/online\/wp-json\/wp\/v2\/types\/product"}],"version-history":[{"count":1,"href":"https:\/\/tunahavuz.com\/online\/wp-json\/wp\/v2\/product\/9219\/revisions"}],"predecessor-version":[{"id":29513,"href":"https:\/\/tunahavuz.com\/online\/wp-json\/wp\/v2\/product\/9219\/revisions\/29513"}],"wp:featuredmedia":[{"embeddable":true,"href":"https:\/\/tunahavuz.com\/online\/wp-json\/wp\/v2\/media\/9220"}],"wp:attachment":[{"href":"https:\/\/tunahavuz.com\/online\/wp-json\/wp\/v2\/media?parent=9219"}],"wp:term":[{"taxonomy":"product_brand","embeddable":true,"href":"https:\/\/tunahavuz.com\/online\/wp-json\/wp\/v2\/product_brand?post=9219"},{"taxonomy":"product_cat","embeddable":true,"href":"https:\/\/tunahavuz.com\/online\/wp-json\/wp\/v2\/product_cat?post=9219"},{"taxonomy":"product_tag","embeddable":true,"href":"https:\/\/tunahavuz.com\/online\/wp-json\/wp\/v2\/product_tag?post=9219"}],"curies":[{"name":"wp","href":"https:\/\/api.w.org\/{rel}","templated":true}]}}