{"id":9235,"date":"2022-12-21T01:23:55","date_gmt":"2022-12-20T22:23:55","guid":{"rendered":"https:\/\/tunahavuz.com\/?post_type=product&#038;p=9235"},"modified":"2025-08-07T12:23:45","modified_gmt":"2025-08-07T09:23:45","slug":"gemas-ustten-cok-yollu-vana-63-mm-valvex-03-top","status":"publish","type":"product","link":"https:\/\/tunahavuz.com\/online\/urun\/gemas-ustten-cok-yollu-vana-63-mm-valvex-03-top\/","title":{"rendered":"Gema\u015f \u00dcstten \u00c7ok Yollu Vana 63 mm VALVEX 03 Top"},"content":{"rendered":"<div>\n<h2>\u00dcstten Di\u015fli Kapak Ba\u011flant\u0131l\u0131 \u00c7ok Yollu Vana<\/h2>\n<h3>11\/2&#8243; \u00d8 63 mm Yap\u0131\u015ft\u0131rma Boru Ba\u011flant\u0131<\/h3>\n<h4>Gema\u015f \u00dcstten \u00c7ok Yollu Vana<\/h4>\n<p>\u00dcstten Di\u015fli Kapak Ba\u011flant\u0131l\u0131 \u00c7ok Yollu Vana, 11\/2&#8243; \u00d8 63 mm Yap\u0131\u015ft\u0131rma Boru Ba\u011flant\u0131<\/p><\/div>\n<div><\/div>\n<div>\n<p>Talep \u00fczerine \u00e7e\u015fitli se\u00e7enekler ve versiyonlar mevcuttur.<\/p>\n<p>Profesyoneller yada Bireyseller i\u00e7in y\u00fcksek kaliteli markalar\u0131, teknolojiye uygun \u00fcr\u00fcnleri <strong>Tuna Havuz<\/strong> olarak<br \/>\nT\u00fcrkiye\u2019nin d\u00f6rt bir yan\u0131na sunmaktay\u0131z. Ev Havuzu, Y\u00fczme Havuzu, Olimpik Havuzlar, Bah\u00e7e Havuzlar\u0131, G\u00f6letler ve<br \/>\nT\u00fcm Havuz \u0130htiya\u00e7lar\u0131n\u0131z\u0131 tam ve eksiksiz sa\u011flayabilmek i\u00e7in bir telefon kadar yak\u0131n\u0131n\u0131zday\u0131z&#8230;<\/p>\n<\/div>\n","protected":false},"excerpt":{"rendered":"<p>\u00dcstten Di\u015fli Kapak Ba\u011flant\u0131l\u0131 \u00c7ok Yollu Vana 11\/2&#8243; \u00d8 63 mm Yap\u0131\u015ft\u0131rma Boru Ba\u011flant\u0131 Gema\u015f \u00dcstten \u00c7ok Yollu Vana \u00dcstten<\/p>\n","protected":false},"featured_media":9236,"template":"","meta":[],"product_brand":[],"product_cat":[563,300,598],"product_tag":[],"class_list":{"0":"post-9235","1":"product","2":"type-product","3":"status-publish","4":"has-post-thumbnail","6":"product_cat-cok-yollu-vanalar","7":"product_cat-havuz-filtreleri","8":"product_cat-manuel-cok-yollu-vanalar","10":"first","11":"instock","12":"taxable","13":"shipping-taxable","14":"product-type-simple"},"_links":{"self":[{"href":"https:\/\/tunahavuz.com\/online\/wp-json\/wp\/v2\/product\/9235","targetHints":{"allow":["GET"]}}],"collection":[{"href":"https:\/\/tunahavuz.com\/online\/wp-json\/wp\/v2\/product"}],"about":[{"href":"https:\/\/tunahavuz.com\/online\/wp-json\/wp\/v2\/types\/product"}],"version-history":[{"count":1,"href":"https:\/\/tunahavuz.com\/online\/wp-json\/wp\/v2\/product\/9235\/revisions"}],"predecessor-version":[{"id":29508,"href":"https:\/\/tunahavuz.com\/online\/wp-json\/wp\/v2\/product\/9235\/revisions\/29508"}],"wp:featuredmedia":[{"embeddable":true,"href":"https:\/\/tunahavuz.com\/online\/wp-json\/wp\/v2\/media\/9236"}],"wp:attachment":[{"href":"https:\/\/tunahavuz.com\/online\/wp-json\/wp\/v2\/media?parent=9235"}],"wp:term":[{"taxonomy":"product_brand","embeddable":true,"href":"https:\/\/tunahavuz.com\/online\/wp-json\/wp\/v2\/product_brand?post=9235"},{"taxonomy":"product_cat","embeddable":true,"href":"https:\/\/tunahavuz.com\/online\/wp-json\/wp\/v2\/product_cat?post=9235"},{"taxonomy":"product_tag","embeddable":true,"href":"https:\/\/tunahavuz.com\/online\/wp-json\/wp\/v2\/product_tag?post=9235"}],"curies":[{"name":"wp","href":"https:\/\/api.w.org\/{rel}","templated":true}]}}