{"id":9238,"date":"2022-12-21T01:27:07","date_gmt":"2022-12-20T22:27:07","guid":{"rendered":"https:\/\/tunahavuz.com\/?post_type=product&#038;p=9238"},"modified":"2025-08-07T12:23:36","modified_gmt":"2025-08-07T09:23:36","slug":"nozbart-2-alti-yollu-vana-praher","status":"publish","type":"product","link":"https:\/\/tunahavuz.com\/online\/urun\/nozbart-2-alti-yollu-vana-praher\/","title":{"rendered":"Nozbart 2&#8221; Alt\u0131 Yollu Vana PRAHER"},"content":{"rendered":"<div>\n<h1>ALTIYOLLU VANA<\/h1>\n<h2>2&#8243; ALTI YOLLUVANA PRAHER<\/h2>\n<h3>NOZBART ALTIYOLLU VANA<\/h3>\n<h4>ALTIYOLLU VANA \u00d6ZELL\u0130KLER\u0130<\/h4>\n<\/div>\n<div>\n<div>\u2022 Ak\u0131\u015f\u0131 bozmayan, kirlilik tutmayan \u00f6zel hidrodinamik kelebek<br \/>\n\u2022 EPDM g\u00f6mlekleme sistemi ve o-ringlerle kesin s\u0131zd\u0131rmazl\u0131k.<br \/>\n\u2022 Birebir test edilmi\u015ftir.<br \/>\n\u2022 10 Derecelik a\u00e7\u0131 aral\u0131\u011f\u0131nda kilitleme ile hassas debi ayar\u0131.<br \/>\n\u2022 Kolun yanl\u0131\u015f montaj\u0131n\u0131 \u00f6nleyen kama sistemi.<br \/>\n\u2022 Ak\u0131\u015fkan\u0131n metal aksama temas etmedi\u011fi \u00f6zel dizayn.<br \/>\n\u2022 Paslanmaz \u00e7elik c\u0131vatalar, somun ve kumanda kolu yay\u0131.<br \/>\n\u2022 Akt\u00fcat\u00f6r montaj\u0131 i\u00e7in \u00f6zel \u00fcst tabla.<\/div>\n<div><\/div>\n<div>**Standart \u00fcr\u00fcnlerimizde kulland\u0131\u011f\u0131m\u0131z EPDM o-ringler petrol, petrol t\u00fcrevleri ve organik ya\u011flar i\u00e7in uygun de\u011fildir.<br \/>\nO-ringler de\u011fi\u015ftirilerek t\u00fcm ak\u0131\u015fkanlar i\u00e7in \u00f6zel vanalar \u00fcretilir.<\/div>\n<div><\/div>\n<\/div>\n<div>\n<h1><\/h1>\n<div><img decoding=\"async\" src=\"https:\/\/havuzdan.myideasoft.com\/class\/INNOVAEditor\/assets\/nozbart_alti-yollu-vana-3.jpg\" alt=\"Nozbart Alt\u0131 Yollu Vana\" border=\"0\" \/><\/div>\n<div><\/div>\n<div>\n<div>Filtre Se\u00e7iminde Dikkat Edilmesi Gereken Teknik Hususlar<\/div>\n<div>Kum filtresi se\u00e7iminde g\u00f6z \u00f6n\u00fcne al\u0131nmas\u0131 gereken en \u00f6nemli unsurlar suyun kumu \u00f6pt\u00fc\u011f\u00fc y\u00fcze ve filtredeki kum katman\u0131 y\u00fcksekli\u011fidir.<\/div>\n<div>G\u00f6be\u011fi \u015fi\u015f \u00fcst\u00fc dar filtrede \u00fcstte suyun ak\u0131\u015f h\u0131z\u0131 artmaktad\u0131r.<\/div>\n<div>Bunun yan\u0131nda bir de boy k\u0131sa ise art\u0131k o filtrenin \u015fi\u015f g\u00f6bek \u00e7ap\u0131n\u0131n bir mana ifade etmesi s\u00f6z konusu de\u011fildir.<\/div>\n<div>Partik\u00fcllerin filtrede tutulmas\u0131 i\u00e7in suyun kum i\u00e7indeki h\u0131z\u0131n\u0131n m\u00fcmk\u00fcn oldu\u011fu kadar azalt\u0131lmas\u0131 laz\u0131md\u0131r.<\/div>\n<div>D\u00fc\u015f\u00fck h\u0131z ve y\u00fcksek kum katman\u0131 iyi bir filitrasyon i\u00e7in olmazsa olmaz ko\u015fullard\u0131r.<\/div>\n<div>\u00d6rne\u011fin g\u00f6be\u011fi \u00d8 1600 mm \u00fcst taraf\u0131 \u00d8 800 mm olan konik bir filtrede geni\u015f taraftaki h\u0131z\u0131 50 m\u00b3\/saat iken \u00fcst k\u0131s\u0131mda 200 m\u00b3\/saat olur.<\/div>\n<div>Bu h\u0131zda art\u0131k partik\u00fcller tutulamaz ve \u00fcstte biriken pisliklerde kum yata\u011f\u0131na do\u011fru itilir.<\/div>\n<div>Su ak\u0131\u015f\u0131na kar\u015f\u0131 b\u00fcy\u00fck bir diren\u00e7 olu\u015fur ve bunun sonucu debi az\u0131msanmayacak bir \u015fekilde d\u00fc\u015fer,<\/div>\n<div>havuz i\u00e7in gereken su devir zaman\u0131 da artar. B\u00f6yle bir filtreyi \u00d8800 mm\u2019lik bir filtre olarak kabul etmek \u00e7ok daha do\u011fru bir yakla\u015f\u0131m olacakt\u0131r.<\/div>\n<div>S\u00f6z konusu bu konik filtrenin geli\u015fmi\u015f \u00fclkelerin hi\u00e7birinde kabul g\u00f6rmedi\u011fi ve standart d\u0131\u015f\u0131 bir \u00fcr\u00fcn oldu\u011fu bilinen bir ger\u00e7ektir.<\/div>\n<\/div>\n<div><img decoding=\"async\" src=\"https:\/\/havuzdan.myideasoft.com\/class\/INNOVAEditor\/assets\/nozbart_alti-yollu-vana-4.jpg\" alt=\"Nozbart Alt\u0131 Yollu Vana\" border=\"0\" \/><\/p>\n<div>\n<p>2 Y\u0131l Garanti S\u00fcresi<\/p>\n<p>Talep \u00fczerine \u00e7e\u015fitli se\u00e7enekler ve versiyonlar mevcuttur.<\/p>\n<p>Profesyoneller yada Bireyseller i\u00e7in y\u00fcksek kaliteli markalar\u0131, teknolojiye uygun \u00fcr\u00fcnleri <strong>Tuna Havuz<\/strong> olarak<br \/>\nT\u00fcrkiye\u2019nin d\u00f6rt bir yan\u0131na sunmaktay\u0131z. Ev Havuzu, Y\u00fczme Havuzu, Olimpik Havuzlar, Bah\u00e7e Havuzlar\u0131, G\u00f6letler ve<br \/>\nT\u00fcm Havuz \u0130htiya\u00e7lar\u0131n\u0131z\u0131 tam ve eksiksiz sa\u011flayabilmek i\u00e7in bir telefon kadar yak\u0131n\u0131n\u0131zday\u0131z&#8230;<\/p>\n<\/div>\n<\/div>\n<\/div>\n","protected":false},"excerpt":{"rendered":"<p>ALTIYOLLU VANA 2&#8243; ALTI YOLLUVANA PRAHER NOZBART ALTIYOLLU VANA ALTIYOLLU VANA \u00d6ZELL\u0130KLER\u0130 \u2022 Ak\u0131\u015f\u0131 bozmayan, kirlilik tutmayan \u00f6zel hidrodinamik kelebek<\/p>\n","protected":false},"featured_media":9239,"template":"","meta":[],"product_brand":[],"product_cat":[563,300,598],"product_tag":[],"class_list":{"0":"post-9238","1":"product","2":"type-product","3":"status-publish","4":"has-post-thumbnail","6":"product_cat-cok-yollu-vanalar","7":"product_cat-havuz-filtreleri","8":"product_cat-manuel-cok-yollu-vanalar","10":"first","11":"instock","12":"taxable","13":"shipping-taxable","14":"product-type-simple"},"_links":{"self":[{"href":"https:\/\/tunahavuz.com\/online\/wp-json\/wp\/v2\/product\/9238","targetHints":{"allow":["GET"]}}],"collection":[{"href":"https:\/\/tunahavuz.com\/online\/wp-json\/wp\/v2\/product"}],"about":[{"href":"https:\/\/tunahavuz.com\/online\/wp-json\/wp\/v2\/types\/product"}],"version-history":[{"count":1,"href":"https:\/\/tunahavuz.com\/online\/wp-json\/wp\/v2\/product\/9238\/revisions"}],"predecessor-version":[{"id":29507,"href":"https:\/\/tunahavuz.com\/online\/wp-json\/wp\/v2\/product\/9238\/revisions\/29507"}],"wp:featuredmedia":[{"embeddable":true,"href":"https:\/\/tunahavuz.com\/online\/wp-json\/wp\/v2\/media\/9239"}],"wp:attachment":[{"href":"https:\/\/tunahavuz.com\/online\/wp-json\/wp\/v2\/media?parent=9238"}],"wp:term":[{"taxonomy":"product_brand","embeddable":true,"href":"https:\/\/tunahavuz.com\/online\/wp-json\/wp\/v2\/product_brand?post=9238"},{"taxonomy":"product_cat","embeddable":true,"href":"https:\/\/tunahavuz.com\/online\/wp-json\/wp\/v2\/product_cat?post=9238"},{"taxonomy":"product_tag","embeddable":true,"href":"https:\/\/tunahavuz.com\/online\/wp-json\/wp\/v2\/product_tag?post=9238"}],"curies":[{"name":"wp","href":"https:\/\/api.w.org\/{rel}","templated":true}]}}