{"id":9246,"date":"2022-12-21T01:33:33","date_gmt":"2022-12-20T22:33:33","guid":{"rendered":"https:\/\/tunahavuz.com\/?post_type=product&#038;p=9246"},"modified":"2025-08-07T12:23:13","modified_gmt":"2025-08-07T09:23:13","slug":"deep-blue-kuvars-kum-filte-icin-25-kg-05-mm-12-mm","status":"publish","type":"product","link":"https:\/\/tunahavuz.com\/online\/urun\/deep-blue-kuvars-kum-filte-icin-25-kg-05-mm-12-mm\/","title":{"rendered":"Deep Blue Kuvars Kum Filte \u0130\u00e7in &#8211; 25 Kg &#8211; 0,5 mm-1,2 mm"},"content":{"rendered":"<h1>NETA\u00a0KUVARS\u00a0KUM.<\/h1>\n<h1><\/h1>\n<h1>QUARTZ SAND.<\/h1>\n<h1><\/h1>\n<h1>1 paket:25 kg<\/h1>\n<h1><\/h1>\n<div><\/div>\n<div>\n<div><img decoding=\"async\" src=\"https:\/\/havuzdan.myideasoft.com\/class\/INNOVAEditor\/assets\/KUVARS%20KUM.jpg\" alt=\"\" border=\"0\" \/>\u00a0<img decoding=\"async\" src=\"https:\/\/havuzdan.myideasoft.com\/class\/INNOVAEditor\/assets\/KUVARS%20KU%201.jpg\" alt=\"\" border=\"0\" \/><\/div>\n<div>\u00d6ZELL\u0130KLER\u0130:<\/div>\n<ul>\n<li>T\u00dcRK\u0130YE DE \u00dcRET\u0130LM\u0130\u015eT\u0130R.<\/li>\n<li>\u00d6ZEL AMA\u00c7LI HAVUZ,<\/li>\n<li>T\u0130CAR\u0130 HAVUZ.<\/li>\n<li>\u00c7AP (MM):<\/li>\n<li>0,5-1,2 mm.<\/li>\n<li>1mm-3mm.<\/li>\n<li>3mm-5mm.<\/li>\n<\/ul>\n<div>FEATURES:<\/div>\n<ul>\n<li>MADE IN TURKEY.<\/li>\n<li>RES\u0130DENTAL POOL.<\/li>\n<li>COMMERC\u0130AL POOL.<\/li>\n<\/ul>\n<div>\u00dcR\u00dcN A\u00c7IKLAMASI:<\/div>\n<ul>\n<li>DO\u011eAL MALZEMEDEN \u00dcRET\u0130LM\u0130\u015eT\u0130R.<\/li>\n<li>\u00dcR\u00dcN YIKANMI\u015e VE FIRINLANMI\u015eTIR.<\/li>\n<li>Y\u00dcKSEK KAL\u0130TEL\u0130 AMBALAJ.<\/li>\n<\/ul>\n<div>PRODUCT DETA\u0130LS:<\/div>\n<ul>\n<li>PRODUCED FROM NATURAL MATER\u0130AL.<\/li>\n<li>QUARTZ SAND WASHED AND K\u0130LN-DR\u0130ED.<\/li>\n<li>H\u0130GH QUAL\u0130TY PACKAGE.<\/li>\n<li>D\u0130AMETER:<\/li>\n<li>0,5mm-1,2 mm.<\/li>\n<li>1mm-3mm.<\/li>\n<li>3mm-5mm<\/li>\n<\/ul>\n<\/div>\n<div><\/div>\n<div>\n<div>Quartz kum veya kuvars kum havuz kum filtrelerinde kullan\u0131lan filtre kumudur.<\/div>\n<div>25 kg torbalarla sevk edilmektedir.<\/div>\n<div>0,50-1,20 mm,1,00-3,00 mm, 3,00-5,00 mm olmak \u00fczere farkl\u0131 boyutlar\u0131 mevcuttur.<\/div>\n<div>Filtre b\u00fcy\u00fckl\u00fc\u011f\u00fcne g\u00f6re ihtiya\u00e7 olan kum miktar\u0131 de\u011fi\u015fir.<\/div>\n<div><\/div>\n<div>Genel olarak;<\/div>\n<div>500-550 mm filtreler i\u00e7in 100 kg filtre kumu<\/div>\n<div>600-650 mm filtreler i\u00e7in 150 kg filtre kumu<\/div>\n<div>700-750 mm filtreler i\u00e7in 250 kg filtre kumu<\/div>\n<div>800-850 mm filtreler i\u00e7in 350 kg filtre kumu<\/div>\n<div>900-950 mm filtreler i\u00e7in 450 kg filtre kumu<\/div>\n<div>kullan\u0131lmas\u0131 \u00f6nerilir.<\/div>\n<div><\/div>\n<div>Daha b\u00fcy\u00fck filtreler i\u00e7in kum miktar\u0131 haliyle de\u011fi\u015fecektir.<\/div>\n<div>Filtrelerde kullan\u0131lan quartz, kuvars kumun \u00f6mr\u00fc 5 ile 6 y\u0131l aras\u0131ndad\u0131r.<\/div>\n<div>A\u00e7\u0131k havuzlarda y\u0131lda 1 defa kapal\u0131 havuzlarda 6 ayda bir filtre ve filtre kumuna bak\u0131m yap\u0131lmas\u0131 tavsiye edilir.<\/div>\n<div>Bak\u0131m konusunda bizden teknik destek alabilirsiniz. Nas\u0131l yap\u0131lmas\u0131 gerekti\u011fi konusunda yard\u0131mc\u0131 olabiliriz.<\/div>\n<div>Filtrelerde quartz kum, kuvars kum yerine kullan\u0131lan di\u011fer kumlar bir s\u00fcre sonra filtre i\u00e7erisinde par\u00e7alan\u0131r, bunun sebebi ise kullan\u0131lan di\u011fer kumlar\u0131n kuvars kumlara g\u00f6re daha zay\u0131f olmas\u0131d\u0131r.<\/div>\n<div><\/div>\n<div>Profesyoneller yada Bireyseller i\u00e7in y\u00fcksek kaliteli markalar\u0131, teknolojiye uygun \u00fcr\u00fcnleri <strong>Tuna Havuz<\/strong> olarak<br \/>\nT\u00fcrkiye\u2019nin d\u00f6rt bir yan\u0131na sunmaktay\u0131z. Ev Havuzu, Y\u00fczme Havuzu, Olimpik Havuzlar, Bah\u00e7e Havuzlar\u0131, G\u00f6letler ve<br \/>\nT\u00fcm Havuz \u0130htiya\u00e7lar\u0131n\u0131z\u0131 tam ve eksiksiz sa\u011flayabilmek i\u00e7in bir telefon kadar yak\u0131n\u0131n\u0131zday\u0131z&#8230;<\/div>\n<\/div>\n","protected":false},"excerpt":{"rendered":"<p>NETA\u00a0KUVARS\u00a0KUM. QUARTZ SAND. 1 paket:25 kg \u00a0 \u00d6ZELL\u0130KLER\u0130: T\u00dcRK\u0130YE DE \u00dcRET\u0130LM\u0130\u015eT\u0130R. \u00d6ZEL AMA\u00c7LI HAVUZ, T\u0130CAR\u0130 HAVUZ. \u00c7AP (MM): 0,5-1,2 mm.<\/p>\n","protected":false},"featured_media":9247,"template":"","meta":[],"product_brand":[],"product_cat":[574,300,597],"product_tag":[],"class_list":{"0":"post-9246","1":"product","2":"type-product","3":"status-publish","4":"has-post-thumbnail","6":"product_cat-filtre-dolum-malzemeleri","7":"product_cat-havuz-filtreleri","8":"product_cat-kuvars-kumu-kirma","10":"first","11":"instock","12":"taxable","13":"shipping-taxable","14":"product-type-simple"},"_links":{"self":[{"href":"https:\/\/tunahavuz.com\/online\/wp-json\/wp\/v2\/product\/9246","targetHints":{"allow":["GET"]}}],"collection":[{"href":"https:\/\/tunahavuz.com\/online\/wp-json\/wp\/v2\/product"}],"about":[{"href":"https:\/\/tunahavuz.com\/online\/wp-json\/wp\/v2\/types\/product"}],"version-history":[{"count":1,"href":"https:\/\/tunahavuz.com\/online\/wp-json\/wp\/v2\/product\/9246\/revisions"}],"predecessor-version":[{"id":29504,"href":"https:\/\/tunahavuz.com\/online\/wp-json\/wp\/v2\/product\/9246\/revisions\/29504"}],"wp:featuredmedia":[{"embeddable":true,"href":"https:\/\/tunahavuz.com\/online\/wp-json\/wp\/v2\/media\/9247"}],"wp:attachment":[{"href":"https:\/\/tunahavuz.com\/online\/wp-json\/wp\/v2\/media?parent=9246"}],"wp:term":[{"taxonomy":"product_brand","embeddable":true,"href":"https:\/\/tunahavuz.com\/online\/wp-json\/wp\/v2\/product_brand?post=9246"},{"taxonomy":"product_cat","embeddable":true,"href":"https:\/\/tunahavuz.com\/online\/wp-json\/wp\/v2\/product_cat?post=9246"},{"taxonomy":"product_tag","embeddable":true,"href":"https:\/\/tunahavuz.com\/online\/wp-json\/wp\/v2\/product_tag?post=9246"}],"curies":[{"name":"wp","href":"https:\/\/api.w.org\/{rel}","templated":true}]}}