{"id":9253,"date":"2022-12-21T01:38:33","date_gmt":"2022-12-20T22:38:33","guid":{"rendered":"https:\/\/tunahavuz.com\/?post_type=product&#038;p=9253"},"modified":"2025-08-07T12:22:57","modified_gmt":"2025-08-07T09:22:57","slug":"gemas-cam-filtrasyon-kumu-30-50-mm-25-kg","status":"publish","type":"product","link":"https:\/\/tunahavuz.com\/online\/urun\/gemas-cam-filtrasyon-kumu-30-50-mm-25-kg\/","title":{"rendered":"Gema\u015f Cam Filtrasyon Kumu 3,0 &#8211; 5,0 mm 25 Kg"},"content":{"rendered":"<div>\n<h2>Cam Filtrasyon Kumu<\/h2>\n<h2>Cam Filtre Medyas\u0131<\/h2>\n<p>1 Torba = 25 Kg<\/p><\/div>\n<div>\nCam Filtrasyon Kumu.\u00a0Kuvars kumuna k\u0131yasla ters y\u0131kama suyunda tasarruf sa\u011flad\u0131\u011f\u0131 gibi etkin filtrasyon kabiliyeti ile enerji ve kimyasal tasarrufu da sa\u011flar.<\/div>\n<div><\/div>\n<div>3,0 &#8211; 5,0 Tane \u0130rili\u011fi<\/div>\n<div><\/div>\n<div>Cam Filtrasyon Kumu \u00d6zellikleri:<br \/>\n\u015eekilsel ve y\u00fczeysel \u00f6zellikleri dolay\u0131s\u0131yla kuvars kumuna k\u0131yasla bulan\u0131kl\u0131k giderme kabiliyeti %30 daha y\u00fcksektir.<br \/>\nAyn\u0131 tane b\u00fcy\u00fckl\u00fc\u011f\u00fcndeki kuvars kumuna k\u0131yasla daha k\u00fc\u00e7\u00fck partik\u00fclleri s\u00fczebilir.<br \/>\nG\u00f6zeneksiz yap\u0131s\u0131 dolay\u0131s\u0131yla kum yataklar\u0131nda olu\u015fan kanallaflmaya f\u0131rsat vermez.<br \/>\nTers y\u0131kama i\u015flem s\u00fcresi \u00f6nemli \u00f6l\u00e7\u00fcde azal\u0131r.<\/p>\n<p>Cam Filtre Medyas\u0131 Daha Temiz Tutar:<br \/>\nKuvars kumuna k\u0131yasla biyolojik t\u0131kanmadan daha az etkilenir. Y\u00fczeylerinin \u00e7atlak i\u00e7ermemesi nedeniyle bakterilerin yuvalanmas\u0131na f\u0131rsat vermez.<\/p><\/div>\n<div>B\u00f6ylelikle ters y\u0131kama gereksinimi paralelinde kimyasal gereksinimi de azal\u0131r.<\/p>\n<p>Cam Filtre Medyas\u0131\u00a0ile Daha Az Miktar:<br \/>\nKuvars kumuna k\u0131yasla, yo\u011funlu\u011fu daha az oldu\u011fundan filtrasyon cam\u0131 a\u011f\u0131rl\u0131k\u00e7a %15 daha az malzeme gerektirir.<\/p><\/div>\n<div>Filtrasyon Cam\u0131 ile Daha Uzun Kullan\u0131m \u00d6mr\u00fc:\u00a0Kuvars kumuna k\u0131yasla, \u00e7ok daha uzun \u00f6m\u00fcrl\u00fc oldu\u011fundan de\u011fi\u015fim gerektirmez. Filtrenin de\u011fi\u015fti\u011fi durumlarda bile ayn\u0131 malzeme y\u0131kan\u0131p tekrar kullan\u0131labilir.<\/div>\n<h2><\/h2>\n<h2><\/h2>\n<h2><\/h2>\n<h2><\/h2>\n<h2><img decoding=\"async\" src=\"https:\/\/www.havuzdan.com\/class\/INNOVAEditor\/assets\/camKumu\/cam%20kumlari%20tane%20iriligi.jpg\" alt=\"\" border=\"0\" \/><\/h2>\n<h2><img decoding=\"async\" src=\"https:\/\/www.havuzdan.com\/class\/INNOVAEditor\/assets\/camKumu\/cam%20kumlari%20aciklama.jpg\" alt=\"\" border=\"0\" \/><\/h2>\n<h2><img decoding=\"async\" src=\"https:\/\/www.havuzdan.com\/class\/INNOVAEditor\/assets\/camKumu\/egfm-filtrasyon-kumu-gemas-havuzdan.jpg\" alt=\"\" border=\"0\" \/><\/h2>\n<div>Profesyoneller yada Bireyseller i\u00e7in y\u00fcksek kaliteli markalar\u0131, teknolojiye uygun \u00fcr\u00fcnleri <strong>Tuna Havuz<\/strong> olarak<br \/>\nT\u00fcrkiye\u2019nin d\u00f6rt bir yan\u0131na sunmaktay\u0131z. Ev Havuzu, Y\u00fczme Havuzu, Olimpik Havuzlar, Bah\u00e7e Havuzlar\u0131, G\u00f6letler ve<br \/>\nT\u00fcm Havuz \u0130htiya\u00e7lar\u0131n\u0131z\u0131 tam ve eksiksiz sa\u011flayabilmek i\u00e7in bir telefon kadar yak\u0131n\u0131n\u0131zday\u0131z&#8230;<\/div>\n","protected":false},"excerpt":{"rendered":"<p>Cam Filtrasyon Kumu Cam Filtre Medyas\u0131 1 Torba = 25 Kg Cam Filtrasyon Kumu.\u00a0Kuvars kumuna k\u0131yasla ters y\u0131kama suyunda tasarruf<\/p>\n","protected":false},"featured_media":9254,"template":"","meta":[],"product_brand":[],"product_cat":[611,574,300],"product_tag":[],"class_list":{"0":"post-9253","1":"product","2":"type-product","3":"status-publish","4":"has-post-thumbnail","6":"product_cat-cam-kumu","7":"product_cat-filtre-dolum-malzemeleri","8":"product_cat-havuz-filtreleri","10":"first","11":"instock","12":"taxable","13":"shipping-taxable","14":"product-type-simple"},"_links":{"self":[{"href":"https:\/\/tunahavuz.com\/online\/wp-json\/wp\/v2\/product\/9253","targetHints":{"allow":["GET"]}}],"collection":[{"href":"https:\/\/tunahavuz.com\/online\/wp-json\/wp\/v2\/product"}],"about":[{"href":"https:\/\/tunahavuz.com\/online\/wp-json\/wp\/v2\/types\/product"}],"version-history":[{"count":1,"href":"https:\/\/tunahavuz.com\/online\/wp-json\/wp\/v2\/product\/9253\/revisions"}],"predecessor-version":[{"id":29502,"href":"https:\/\/tunahavuz.com\/online\/wp-json\/wp\/v2\/product\/9253\/revisions\/29502"}],"wp:featuredmedia":[{"embeddable":true,"href":"https:\/\/tunahavuz.com\/online\/wp-json\/wp\/v2\/media\/9254"}],"wp:attachment":[{"href":"https:\/\/tunahavuz.com\/online\/wp-json\/wp\/v2\/media?parent=9253"}],"wp:term":[{"taxonomy":"product_brand","embeddable":true,"href":"https:\/\/tunahavuz.com\/online\/wp-json\/wp\/v2\/product_brand?post=9253"},{"taxonomy":"product_cat","embeddable":true,"href":"https:\/\/tunahavuz.com\/online\/wp-json\/wp\/v2\/product_cat?post=9253"},{"taxonomy":"product_tag","embeddable":true,"href":"https:\/\/tunahavuz.com\/online\/wp-json\/wp\/v2\/product_tag?post=9253"}],"curies":[{"name":"wp","href":"https:\/\/api.w.org\/{rel}","templated":true}]}}