{"id":9256,"date":"2022-12-21T01:39:54","date_gmt":"2022-12-20T22:39:54","guid":{"rendered":"https:\/\/tunahavuz.com\/?post_type=product&#038;p=9256"},"modified":"2025-08-07T12:22:49","modified_gmt":"2025-08-07T09:22:49","slug":"deep-blue-cam-medya-ince-glassenviro-25-kg-06mm-12mm","status":"publish","type":"product","link":"https:\/\/tunahavuz.com\/online\/urun\/deep-blue-cam-medya-ince-glassenviro-25-kg-06mm-12mm\/","title":{"rendered":"Deep Blue Cam Medya \u0130nce Glassenv\u0131ro 25 kg 0,6mm-1,2mm"},"content":{"rendered":"<h1>NETA CAM MEDYA (HAVUZ F\u0130LTRE KUMU)<\/h1>\n<h1>NETA GLASS MED\u0130A<\/h1>\n<div>\n<div><\/div>\n<div>1 PAKET: 25 KG<\/div>\n<div><\/div>\n<div><\/div>\n<div>\u00d6ZELL\u0130KLER:<\/div>\n<ul>\n<li>T\u00dcRK\u0130YE&#8217; DE \u00dcRET\u0130LM\u0130\u015eT\u0130R.<\/li>\n<li>KUVARS KUMA G\u00d6RE %20 DAHA \u0130Y\u0130 F\u0130LTRASYON KAPAS\u0130TES\u0130.<\/li>\n<li>DAHA UZUN \u00d6M\u00dcRL\u00dc.<\/li>\n<li>\u00c7AP:(mm) BOYLARI;<\/li>\n<li>0,5mm &#8211; 1,2 mm (\u0130NCE)<\/li>\n<li>1,7mm &#8211; 2,4 mm (ORTA)<\/li>\n<li>4mm &#8211; 6,75 mm (KALIN)<\/li>\n<\/ul>\n<p>FEATURES:<\/p><\/div>\n<div>\n<ul>\n<li>MADE IN TURKEY<\/li>\n<li>20 % MORE F\u0130LTRET\u0130ON CAPAC\u0130TY THAN QUARTZ SAND<\/li>\n<li>LONG LAST\u0130NG<\/li>\n<li>D\u0130AMETER:<\/li>\n<li>0,5-1,2 (THIN)<\/li>\n<li>1,7-2,4 (MIDDLE)<\/li>\n<li>4-6,7\u00a0 \u00a0(THICK)<\/li>\n<\/ul>\n<p>\u00dcR\u00dcN A\u00c7IKLAMALARI:<\/p><\/div>\n<div>\n<ul>\n<li>\u015eEFFAF PENCERE CAMINDAN \u00dcRET\u0130LM\u0130\u015eT\u0130R.<\/li>\n<li>\u00dc\u00c7 AYRI \u00c7APTA \u00dcRET\u0130LMEKTED\u0130R.<\/li>\n<li>KUVARS KUMA G\u00d6RE DAHA UZUN \u00d6M\u00dcRL\u00dcD\u00dcR.<\/li>\n<li>K\u0130RE\u00c7L\u0130 SULARDA TA\u015eLA\u015eMA YAPMAZ.<\/li>\n<li>TERS YIKAMADA TAM TEM\u0130ZLEME \u00d6ZELL\u0130\u011e\u0130.<\/li>\n<\/ul>\n<p>PRODUCT DETA\u0130LS:<\/p><\/div>\n<div>\n<ul>\n<li>MADE OF TRANSPARENT PURE W\u0130NDOWS GLASS.<\/li>\n<li>THREE D\u0130FFERENT GRANULOMETRY ARE AVA\u0130LABLE.<\/li>\n<li>A LONGER F\u0130LE SPAN THAN QUARTZ SAND.<\/li>\n<li>IN L\u0130MY DOES NOT MAKE UP PETR\u0130F\u0130ED.<\/li>\n<li>FULL CLEAN\u0130NG FEATURE \u0130N BACKWASH<\/li>\n<\/ul>\n<p><img fetchpriority=\"high\" decoding=\"async\" class=\"\" src=\"https:\/\/havuzdan.myideasoft.com\/class\/INNOVAEditor\/assets\/DEEP%20BLUE%20CAM%20KUMU.jpeg\" alt=\"\" width=\"704\" height=\"396\" border=\"0\" \/><img decoding=\"async\" class=\"\" src=\"https:\/\/havuzdan.myideasoft.com\/class\/INNOVAEditor\/assets\/DEEP%20BLUE%20CAM%20KUMU%201.jpeg\" alt=\"\" width=\"710\" height=\"399\" border=\"0\" \/><\/div>\n<div><\/div>\n<div>Profesyoneller yada Bireyseller i\u00e7in y\u00fcksek kaliteli markalar\u0131, teknolojiye uygun \u00fcr\u00fcnleri <strong>Tuna Havuz<\/strong> olarak<br \/>\nT\u00fcrkiye\u2019nin d\u00f6rt bir yan\u0131na sunmaktay\u0131z. Ev Havuzu, Y\u00fczme Havuzu, Olimpik Havuzlar, Bah\u00e7e Havuzlar\u0131, G\u00f6letler ve<br \/>\nT\u00fcm Havuz \u0130htiya\u00e7lar\u0131n\u0131z\u0131 tam ve eksiksiz sa\u011flayabilmek i\u00e7in bir telefon kadar yak\u0131n\u0131n\u0131zday\u0131z&#8230;<\/div>\n","protected":false},"excerpt":{"rendered":"<p>NETA CAM MEDYA (HAVUZ F\u0130LTRE KUMU) NETA GLASS MED\u0130A 1 PAKET: 25 KG \u00d6ZELL\u0130KLER: T\u00dcRK\u0130YE&#8217; DE \u00dcRET\u0130LM\u0130\u015eT\u0130R. KUVARS KUMA G\u00d6RE<\/p>\n","protected":false},"featured_media":9257,"template":"","meta":[],"product_brand":[],"product_cat":[611,574,300],"product_tag":[],"class_list":{"0":"post-9256","1":"product","2":"type-product","3":"status-publish","4":"has-post-thumbnail","6":"product_cat-cam-kumu","7":"product_cat-filtre-dolum-malzemeleri","8":"product_cat-havuz-filtreleri","10":"first","11":"instock","12":"taxable","13":"shipping-taxable","14":"product-type-simple"},"_links":{"self":[{"href":"https:\/\/tunahavuz.com\/online\/wp-json\/wp\/v2\/product\/9256","targetHints":{"allow":["GET"]}}],"collection":[{"href":"https:\/\/tunahavuz.com\/online\/wp-json\/wp\/v2\/product"}],"about":[{"href":"https:\/\/tunahavuz.com\/online\/wp-json\/wp\/v2\/types\/product"}],"version-history":[{"count":1,"href":"https:\/\/tunahavuz.com\/online\/wp-json\/wp\/v2\/product\/9256\/revisions"}],"predecessor-version":[{"id":29501,"href":"https:\/\/tunahavuz.com\/online\/wp-json\/wp\/v2\/product\/9256\/revisions\/29501"}],"wp:featuredmedia":[{"embeddable":true,"href":"https:\/\/tunahavuz.com\/online\/wp-json\/wp\/v2\/media\/9257"}],"wp:attachment":[{"href":"https:\/\/tunahavuz.com\/online\/wp-json\/wp\/v2\/media?parent=9256"}],"wp:term":[{"taxonomy":"product_brand","embeddable":true,"href":"https:\/\/tunahavuz.com\/online\/wp-json\/wp\/v2\/product_brand?post=9256"},{"taxonomy":"product_cat","embeddable":true,"href":"https:\/\/tunahavuz.com\/online\/wp-json\/wp\/v2\/product_cat?post=9256"},{"taxonomy":"product_tag","embeddable":true,"href":"https:\/\/tunahavuz.com\/online\/wp-json\/wp\/v2\/product_tag?post=9256"}],"curies":[{"name":"wp","href":"https:\/\/api.w.org\/{rel}","templated":true}]}}