{"id":9259,"date":"2022-12-21T01:41:51","date_gmt":"2022-12-20T22:41:51","guid":{"rendered":"https:\/\/tunahavuz.com\/?post_type=product&#038;p=9259"},"modified":"2025-08-07T12:22:40","modified_gmt":"2025-08-07T09:22:40","slug":"gemas-ciftli-manometre-seti-musluklu","status":"publish","type":"product","link":"https:\/\/tunahavuz.com\/online\/urun\/gemas-ciftli-manometre-seti-musluklu\/","title":{"rendered":"Gema\u015f \u00c7iftli Manometre Seti, Musluklu"},"content":{"rendered":"<h2>Gema\u015f \u00c7iftli Manometre Seti, Musluklu<\/h2>\n<div>GEMA\u015e &#8220;TURBIDRON\u201d BOB\u0130N SARGILI KUM F\u0130LTRELER\u0130 \u0130\u00c7\u0130N \u00d6ZEL \u0130STEKLER<\/div>\n<h1><img decoding=\"async\" src=\"https:\/\/havuzdan.myideasoft.com\/class\/INNOVAEditor\/assets\/GEMA%C5%9E%20TURBIDRON%20BOB%C4%B0N%20SARGILI%20F%C4%B0LTRE%20%C3%96ZEL%20%C4%B0STEKLER.jpg\" alt=\"\" border=\"0\" \/><\/h1>\n<div>Profesyoneller yada Bireyseller i\u00e7in y\u00fcksek kaliteli markalar\u0131, teknolojiye uygun \u00fcr\u00fcnleri <strong>Tuna Havuz<\/strong> olarak<br \/>\nT\u00fcrkiye\u2019nin d\u00f6rt bir yan\u0131na sunmaktay\u0131z. Ev Havuzu, Y\u00fczme Havuzu, Olimpik Havuzlar, Bah\u00e7e Havuzlar\u0131, G\u00f6letler ve<br \/>\nT\u00fcm Havuz \u0130htiya\u00e7lar\u0131n\u0131z\u0131 tam ve eksiksiz sa\u011flayabilmek i\u00e7in bir telefon kadar yak\u0131n\u0131n\u0131zday\u0131z&#8230;<\/div>\n","protected":false},"excerpt":{"rendered":"<p>Gema\u015f \u00c7iftli Manometre Seti, Musluklu GEMA\u015e &#8220;TURBIDRON\u201d BOB\u0130N SARGILI KUM F\u0130LTRELER\u0130 \u0130\u00c7\u0130N \u00d6ZEL \u0130STEKLER Profesyoneller yada Bireyseller i\u00e7in y\u00fcksek kaliteli<\/p>\n","protected":false},"featured_media":9260,"template":"","meta":[],"product_brand":[],"product_cat":[580,300],"product_tag":[],"class_list":{"0":"post-9259","1":"product","2":"type-product","3":"status-publish","4":"has-post-thumbnail","6":"product_cat-gozetleme-camlari","7":"product_cat-havuz-filtreleri","9":"first","10":"instock","11":"taxable","12":"shipping-taxable","13":"product-type-simple"},"_links":{"self":[{"href":"https:\/\/tunahavuz.com\/online\/wp-json\/wp\/v2\/product\/9259","targetHints":{"allow":["GET"]}}],"collection":[{"href":"https:\/\/tunahavuz.com\/online\/wp-json\/wp\/v2\/product"}],"about":[{"href":"https:\/\/tunahavuz.com\/online\/wp-json\/wp\/v2\/types\/product"}],"version-history":[{"count":1,"href":"https:\/\/tunahavuz.com\/online\/wp-json\/wp\/v2\/product\/9259\/revisions"}],"predecessor-version":[{"id":29500,"href":"https:\/\/tunahavuz.com\/online\/wp-json\/wp\/v2\/product\/9259\/revisions\/29500"}],"wp:featuredmedia":[{"embeddable":true,"href":"https:\/\/tunahavuz.com\/online\/wp-json\/wp\/v2\/media\/9260"}],"wp:attachment":[{"href":"https:\/\/tunahavuz.com\/online\/wp-json\/wp\/v2\/media?parent=9259"}],"wp:term":[{"taxonomy":"product_brand","embeddable":true,"href":"https:\/\/tunahavuz.com\/online\/wp-json\/wp\/v2\/product_brand?post=9259"},{"taxonomy":"product_cat","embeddable":true,"href":"https:\/\/tunahavuz.com\/online\/wp-json\/wp\/v2\/product_cat?post=9259"},{"taxonomy":"product_tag","embeddable":true,"href":"https:\/\/tunahavuz.com\/online\/wp-json\/wp\/v2\/product_tag?post=9259"}],"curies":[{"name":"wp","href":"https:\/\/api.w.org\/{rel}","templated":true}]}}