{"id":9262,"date":"2022-12-21T01:43:27","date_gmt":"2022-12-20T22:43:27","guid":{"rendered":"https:\/\/tunahavuz.com\/?post_type=product&#038;p=9262"},"modified":"2025-08-07T12:22:32","modified_gmt":"2025-08-07T09:22:32","slug":"gozetleme-cami-110-mm","status":"publish","type":"product","link":"https:\/\/tunahavuz.com\/online\/urun\/gozetleme-cami-110-mm\/","title":{"rendered":"G\u00f6zetleme Cam\u0131 110 mm"},"content":{"rendered":"<div>\n<h2>Neta G\u00f6zetleme Cam\u0131<\/h2>\n<h3>110 mm G\u00f6zetleme Cam\u0131<\/h3>\n<\/div>\n<div>\n<h4>G\u00d6ZETLEME CAMI<\/h4>\n<p>\u2022 Akrilik \u015feffaf boru<br \/>\n\u2022 U-PVC ba\u011flant\u0131 rakoru ile verilir<\/p><\/div>\n<div><\/div>\n<div>\n<h5>INSPECTION GLASS<\/h5>\n<p>\u2022 Transparent acrylic pipe<br \/>\n\u2022 Inclueds U-PVC unions<\/p><\/div>\n<div><\/div>\n<div>\n<p>Talep \u00fczerine \u00e7e\u015fitli se\u00e7enekler ve versiyonlar mevcuttur.<\/p>\n<p>Profesyoneller yada Bireyseller i\u00e7in y\u00fcksek kaliteli markalar\u0131, teknolojiye uygun \u00fcr\u00fcnleri <strong>Tuna Havuz<\/strong> olarak<br \/>\nT\u00fcrkiye\u2019nin d\u00f6rt bir yan\u0131na sunmaktay\u0131z. Ev Havuzu, Y\u00fczme Havuzu, Olimpik Havuzlar, Bah\u00e7e Havuzlar\u0131, G\u00f6letler ve<br \/>\nT\u00fcm Havuz \u0130htiya\u00e7lar\u0131n\u0131z\u0131 tam ve eksiksiz sa\u011flayabilmek i\u00e7in bir telefon kadar yak\u0131n\u0131n\u0131zday\u0131z&#8230;<\/p>\n<\/div>\n","protected":false},"excerpt":{"rendered":"<p>Neta G\u00f6zetleme Cam\u0131 110 mm G\u00f6zetleme Cam\u0131 G\u00d6ZETLEME CAMI \u2022 Akrilik \u015feffaf boru \u2022 U-PVC ba\u011flant\u0131 rakoru ile verilir INSPECTION<\/p>\n","protected":false},"featured_media":9263,"template":"","meta":[],"product_brand":[],"product_cat":[580,300],"product_tag":[],"class_list":{"0":"post-9262","1":"product","2":"type-product","3":"status-publish","4":"has-post-thumbnail","6":"product_cat-gozetleme-camlari","7":"product_cat-havuz-filtreleri","9":"first","10":"instock","11":"taxable","12":"shipping-taxable","13":"product-type-simple"},"_links":{"self":[{"href":"https:\/\/tunahavuz.com\/online\/wp-json\/wp\/v2\/product\/9262","targetHints":{"allow":["GET"]}}],"collection":[{"href":"https:\/\/tunahavuz.com\/online\/wp-json\/wp\/v2\/product"}],"about":[{"href":"https:\/\/tunahavuz.com\/online\/wp-json\/wp\/v2\/types\/product"}],"version-history":[{"count":1,"href":"https:\/\/tunahavuz.com\/online\/wp-json\/wp\/v2\/product\/9262\/revisions"}],"predecessor-version":[{"id":29499,"href":"https:\/\/tunahavuz.com\/online\/wp-json\/wp\/v2\/product\/9262\/revisions\/29499"}],"wp:featuredmedia":[{"embeddable":true,"href":"https:\/\/tunahavuz.com\/online\/wp-json\/wp\/v2\/media\/9263"}],"wp:attachment":[{"href":"https:\/\/tunahavuz.com\/online\/wp-json\/wp\/v2\/media?parent=9262"}],"wp:term":[{"taxonomy":"product_brand","embeddable":true,"href":"https:\/\/tunahavuz.com\/online\/wp-json\/wp\/v2\/product_brand?post=9262"},{"taxonomy":"product_cat","embeddable":true,"href":"https:\/\/tunahavuz.com\/online\/wp-json\/wp\/v2\/product_cat?post=9262"},{"taxonomy":"product_tag","embeddable":true,"href":"https:\/\/tunahavuz.com\/online\/wp-json\/wp\/v2\/product_tag?post=9262"}],"curies":[{"name":"wp","href":"https:\/\/api.w.org\/{rel}","templated":true}]}}