{"id":9268,"date":"2022-12-21T02:24:00","date_gmt":"2022-12-20T23:24:00","guid":{"rendered":"https:\/\/tunahavuz.com\/?post_type=product&#038;p=9268"},"modified":"2025-08-07T12:20:51","modified_gmt":"2025-08-07T09:20:51","slug":"gemas-kartus-filtre-af200","status":"publish","type":"product","link":"https:\/\/tunahavuz.com\/online\/urun\/gemas-kartus-filtre-af200\/","title":{"rendered":"Gema\u015f Kartu\u015f Filtre AF200"},"content":{"rendered":"<div>\n<div>\n<h2>Gema\u015f Kartu\u015f Filtre AF200<\/h2>\n<h3>Gema\u015f Kartu\u015f Filtre<\/h3>\n<\/div>\n<div>ABS plastikten yap\u0131lm\u0131\u015f g\u00f6vde.<\/div>\n<div>Manometre vehava tahliye ba\u011flant\u0131lar\u0131 ile birlikte<\/div>\n<div>1 1\/2\u201d BSP di\u015fli.<\/div>\n<div>Maks.\u00e7al\u0131\u015fma bas\u0131nc\u0131: 2.5 Bar<\/div>\n<\/div>\n<div>\n<h1><img decoding=\"async\" src=\"https:\/\/havuzdan.myideasoft.com\/class\/INNOVAEditor\/assets\/kartuslar\/kartu%C5%9Flar%20a%C3%A7%C4%B1klama.jpg\" alt=\"\" border=\"0\" \/><\/h1>\n<\/div>\n<div>\n<p>Talep \u00fczerine \u00e7e\u015fitli se\u00e7enekler ve versiyonlar mevcuttur.<\/p>\n<p>Profesyoneller yada Bireyseller i\u00e7in y\u00fcksek kaliteli markalar\u0131, teknolojiye uygun \u00fcr\u00fcnleri <strong>Tuna Havuz<\/strong> olarak<br \/>\nT\u00fcrkiye\u2019nin d\u00f6rt bir yan\u0131na sunmaktay\u0131z. Ev Havuzu, Y\u00fczme Havuzu, Olimpik Havuzlar, Bah\u00e7e Havuzlar\u0131, G\u00f6letler ve<br \/>\nT\u00fcm Havuz \u0130htiya\u00e7lar\u0131n\u0131z\u0131 tam ve eksiksiz sa\u011flayabilmek i\u00e7in bir telefon kadar yak\u0131n\u0131n\u0131zday\u0131z&#8230;<\/p>\n<\/div>\n","protected":false},"excerpt":{"rendered":"<p>Gema\u015f Kartu\u015f Filtre AF200 Gema\u015f Kartu\u015f Filtre ABS plastikten yap\u0131lm\u0131\u015f g\u00f6vde. Manometre vehava tahliye ba\u011flant\u0131lar\u0131 ile birlikte 1 1\/2\u201d BSP<\/p>\n","protected":false},"featured_media":9269,"template":"","meta":[],"product_brand":[],"product_cat":[300,336],"product_tag":[],"class_list":{"0":"post-9268","1":"product","2":"type-product","3":"status-publish","4":"has-post-thumbnail","6":"product_cat-havuz-filtreleri","7":"product_cat-kartus-filtreler-ve-yedekleri","9":"first","10":"instock","11":"taxable","12":"shipping-taxable","13":"product-type-simple"},"_links":{"self":[{"href":"https:\/\/tunahavuz.com\/online\/wp-json\/wp\/v2\/product\/9268","targetHints":{"allow":["GET"]}}],"collection":[{"href":"https:\/\/tunahavuz.com\/online\/wp-json\/wp\/v2\/product"}],"about":[{"href":"https:\/\/tunahavuz.com\/online\/wp-json\/wp\/v2\/types\/product"}],"version-history":[{"count":1,"href":"https:\/\/tunahavuz.com\/online\/wp-json\/wp\/v2\/product\/9268\/revisions"}],"predecessor-version":[{"id":29497,"href":"https:\/\/tunahavuz.com\/online\/wp-json\/wp\/v2\/product\/9268\/revisions\/29497"}],"wp:featuredmedia":[{"embeddable":true,"href":"https:\/\/tunahavuz.com\/online\/wp-json\/wp\/v2\/media\/9269"}],"wp:attachment":[{"href":"https:\/\/tunahavuz.com\/online\/wp-json\/wp\/v2\/media?parent=9268"}],"wp:term":[{"taxonomy":"product_brand","embeddable":true,"href":"https:\/\/tunahavuz.com\/online\/wp-json\/wp\/v2\/product_brand?post=9268"},{"taxonomy":"product_cat","embeddable":true,"href":"https:\/\/tunahavuz.com\/online\/wp-json\/wp\/v2\/product_cat?post=9268"},{"taxonomy":"product_tag","embeddable":true,"href":"https:\/\/tunahavuz.com\/online\/wp-json\/wp\/v2\/product_tag?post=9268"}],"curies":[{"name":"wp","href":"https:\/\/api.w.org\/{rel}","templated":true}]}}