{"id":9274,"date":"2022-12-21T02:26:47","date_gmt":"2022-12-20T23:26:47","guid":{"rendered":"https:\/\/tunahavuz.com\/?post_type=product&#038;p=9274"},"modified":"2025-08-07T12:03:43","modified_gmt":"2025-08-07T09:03:43","slug":"gemas-af200-ce-yedek-kartus","status":"publish","type":"product","link":"https:\/\/tunahavuz.com\/online\/urun\/gemas-af200-ce-yedek-kartus\/","title":{"rendered":"Gema\u015f AF200-CE Yedek Kartu\u015f"},"content":{"rendered":"<h2>Gema\u015f AF200-CE Yedek Kartu\u015f<\/h2>\n<h3>Gema\u015f Yedek Kartu\u015f<\/h3>\n<div>\n<p>Talep \u00fczerine \u00e7e\u015fitli se\u00e7enekler ve versiyonlar mevcuttur.<\/p>\n<p>Profesyoneller yada Bireyseller i\u00e7in y\u00fcksek kaliteli markalar\u0131, teknolojiye uygun \u00fcr\u00fcnleri <strong>Tuna Havuz<\/strong> olarak<br \/>\nT\u00fcrkiye\u2019nin d\u00f6rt bir yan\u0131na sunmaktay\u0131z. Ev Havuzu, Y\u00fczme Havuzu, Olimpik Havuzlar, Bah\u00e7e Havuzlar\u0131, G\u00f6letler ve<br \/>\nT\u00fcm Havuz \u0130htiya\u00e7lar\u0131n\u0131z\u0131 tam ve eksiksiz sa\u011flayabilmek i\u00e7in bir telefon kadar yak\u0131n\u0131n\u0131zday\u0131z&#8230;<\/p>\n<\/div>\n","protected":false},"excerpt":{"rendered":"<p>Gema\u015f AF200-CE Yedek Kartu\u015f Gema\u015f Yedek Kartu\u015f Talep \u00fczerine \u00e7e\u015fitli se\u00e7enekler ve versiyonlar mevcuttur. Profesyoneller yada Bireyseller i\u00e7in y\u00fcksek kaliteli<\/p>\n","protected":false},"featured_media":9275,"template":"","meta":[],"product_brand":[],"product_cat":[300,336],"product_tag":[],"class_list":{"0":"post-9274","1":"product","2":"type-product","3":"status-publish","4":"has-post-thumbnail","6":"product_cat-havuz-filtreleri","7":"product_cat-kartus-filtreler-ve-yedekleri","9":"first","10":"instock","11":"taxable","12":"shipping-taxable","13":"product-type-simple"},"_links":{"self":[{"href":"https:\/\/tunahavuz.com\/online\/wp-json\/wp\/v2\/product\/9274","targetHints":{"allow":["GET"]}}],"collection":[{"href":"https:\/\/tunahavuz.com\/online\/wp-json\/wp\/v2\/product"}],"about":[{"href":"https:\/\/tunahavuz.com\/online\/wp-json\/wp\/v2\/types\/product"}],"version-history":[{"count":1,"href":"https:\/\/tunahavuz.com\/online\/wp-json\/wp\/v2\/product\/9274\/revisions"}],"predecessor-version":[{"id":29495,"href":"https:\/\/tunahavuz.com\/online\/wp-json\/wp\/v2\/product\/9274\/revisions\/29495"}],"wp:featuredmedia":[{"embeddable":true,"href":"https:\/\/tunahavuz.com\/online\/wp-json\/wp\/v2\/media\/9275"}],"wp:attachment":[{"href":"https:\/\/tunahavuz.com\/online\/wp-json\/wp\/v2\/media?parent=9274"}],"wp:term":[{"taxonomy":"product_brand","embeddable":true,"href":"https:\/\/tunahavuz.com\/online\/wp-json\/wp\/v2\/product_brand?post=9274"},{"taxonomy":"product_cat","embeddable":true,"href":"https:\/\/tunahavuz.com\/online\/wp-json\/wp\/v2\/product_cat?post=9274"},{"taxonomy":"product_tag","embeddable":true,"href":"https:\/\/tunahavuz.com\/online\/wp-json\/wp\/v2\/product_tag?post=9274"}],"curies":[{"name":"wp","href":"https:\/\/api.w.org\/{rel}","templated":true}]}}