{"id":9280,"date":"2022-12-21T02:32:18","date_gmt":"2022-12-20T23:32:18","guid":{"rendered":"https:\/\/tunahavuz.com\/?post_type=product&#038;p=9280"},"modified":"2025-08-07T12:03:01","modified_gmt":"2025-08-07T09:03:01","slug":"polyester-havuz-pompasi-sehpasi","status":"publish","type":"product","link":"https:\/\/tunahavuz.com\/online\/urun\/polyester-havuz-pompasi-sehpasi\/","title":{"rendered":"Polyester Havuz Pompas\u0131 Sehpas\u0131"},"content":{"rendered":"<div>\n<h2>NETA POMPA SEHPASI POLYESTER<\/h2>\n<p>Cam takviyeli polyester g\u00f6vde.<br \/>\nUV \u0131\u015f\u0131nlar\u0131na dayan\u0131kl\u0131.<br \/>\n\u00c7ok dayan\u0131kl\u0131 yap\u0131.<br \/>\nUZUNLUK cm: 46.<br \/>\nGENI\u015eLIK cm: 27.<br \/>\nY\u00dcKSEKLIK cm: 18.<\/p>\n<h3>NETA PUMP STAND POLYESTER<\/h3>\n<div>Glass reinforced polyester body.<br \/>\nUV resistance.<br \/>\nHigh durable structure.<br \/>\nLENGHT cm: 46.<br \/>\nWIDTH cm:\u00a0\u00a0 27.<br \/>\nHEIGHT cm: 18.<\/div>\n<div><\/div>\n<\/div>\n<div><img decoding=\"async\" src=\"https:\/\/www.havuzdan.com\/class\/INNOVAEditor\/assets\/POMPA%20SEHPASI%20POLYESTER.jpg\" alt=\"\" border=\"0\" \/><\/div>\n<div><\/div>\n<div>Profesyoneller yada Bireyseller i\u00e7in y\u00fcksek kaliteli markalar\u0131, teknolojiye uygun \u00fcr\u00fcnleri\u00a0havuzdan.com\u00a0olarak<br \/>\nT\u00fcrkiye\u2019nin d\u00f6rt bir yan\u0131na sunmaktay\u0131z. Ev Havuzu, Y\u00fczme Havuzu, Olimpik Havuzlar, Bah\u00e7e Havuzlar\u0131, G\u00f6letler ve<br \/>\nT\u00fcm Havuz \u0130htiya\u00e7lar\u0131n\u0131z\u0131 tam ve eksiksiz sa\u011flayabilmek i\u00e7in bir telefon kadar yak\u0131n\u0131n\u0131zday\u0131z&#8230;<\/div>\n","protected":false},"excerpt":{"rendered":"<p>NETA POMPA SEHPASI POLYESTER Cam takviyeli polyester g\u00f6vde. UV \u0131\u015f\u0131nlar\u0131na dayan\u0131kl\u0131. \u00c7ok dayan\u0131kl\u0131 yap\u0131. UZUNLUK cm: 46. GENI\u015eLIK cm: 27.<\/p>\n","protected":false},"featured_media":9281,"template":"","meta":[],"product_brand":[],"product_cat":[300,426],"product_tag":[],"class_list":{"0":"post-9280","1":"product","2":"type-product","3":"status-publish","4":"has-post-thumbnail","6":"product_cat-havuz-filtreleri","7":"product_cat-pompa-sehpalari-vibrasyon-takozlari","9":"first","10":"instock","11":"taxable","12":"shipping-taxable","13":"product-type-simple"},"_links":{"self":[{"href":"https:\/\/tunahavuz.com\/online\/wp-json\/wp\/v2\/product\/9280","targetHints":{"allow":["GET"]}}],"collection":[{"href":"https:\/\/tunahavuz.com\/online\/wp-json\/wp\/v2\/product"}],"about":[{"href":"https:\/\/tunahavuz.com\/online\/wp-json\/wp\/v2\/types\/product"}],"version-history":[{"count":1,"href":"https:\/\/tunahavuz.com\/online\/wp-json\/wp\/v2\/product\/9280\/revisions"}],"predecessor-version":[{"id":29493,"href":"https:\/\/tunahavuz.com\/online\/wp-json\/wp\/v2\/product\/9280\/revisions\/29493"}],"wp:featuredmedia":[{"embeddable":true,"href":"https:\/\/tunahavuz.com\/online\/wp-json\/wp\/v2\/media\/9281"}],"wp:attachment":[{"href":"https:\/\/tunahavuz.com\/online\/wp-json\/wp\/v2\/media?parent=9280"}],"wp:term":[{"taxonomy":"product_brand","embeddable":true,"href":"https:\/\/tunahavuz.com\/online\/wp-json\/wp\/v2\/product_brand?post=9280"},{"taxonomy":"product_cat","embeddable":true,"href":"https:\/\/tunahavuz.com\/online\/wp-json\/wp\/v2\/product_cat?post=9280"},{"taxonomy":"product_tag","embeddable":true,"href":"https:\/\/tunahavuz.com\/online\/wp-json\/wp\/v2\/product_tag?post=9280"}],"curies":[{"name":"wp","href":"https:\/\/api.w.org\/{rel}","templated":true}]}}