{"id":9283,"date":"2022-12-21T02:33:28","date_gmt":"2022-12-20T23:33:28","guid":{"rendered":"https:\/\/tunahavuz.com\/?post_type=product&#038;p=9283"},"modified":"2025-08-07T12:02:52","modified_gmt":"2025-08-07T09:02:52","slug":"gemas-ct-polyesterden-mamul-pompa-sehpasi-tekli","status":"publish","type":"product","link":"https:\/\/tunahavuz.com\/online\/urun\/gemas-ct-polyesterden-mamul-pompa-sehpasi-tekli\/","title":{"rendered":"Gema\u015f CT Polyesterden Mamul Pompa Sehpas\u0131 Tekli"},"content":{"rendered":"<div>\n<h2>Gema\u015f CT Polyesterden Mamul Pompa Sehpas\u0131 Tekli<\/h2>\n<h3>CT Polyesterden Mamul Pompa Sehpas\u0131<\/h3>\n<p>Streamer ve Flooder 10 HP\u2019ye kadar t\u00fcm modeller i\u00e7in kullan\u0131labilir.<\/p><\/div>\n<div><\/div>\n<div>\u00a0<img decoding=\"async\" src=\"https:\/\/www.havuzdan.com\/class\/INNOVAEditor\/assets\/ct-polyesterden-mamul-pompa-sehpasi-havuzdan.jpg\" alt=\"\" border=\"0\" \/><\/div>\n<div><\/div>\n<div>Profesyoneller yada Bireyseller i\u00e7in y\u00fcksek kaliteli markalar\u0131, teknolojiye uygun \u00fcr\u00fcnleri <strong>Tuna Havuz<\/strong> olarak<br \/>\nT\u00fcrkiye\u2019nin d\u00f6rt bir yan\u0131na sunmaktay\u0131z. Ev Havuzu, Y\u00fczme Havuzu, Olimpik Havuzlar, Bah\u00e7e Havuzlar\u0131, G\u00f6letler ve<br \/>\nT\u00fcm Havuz \u0130htiya\u00e7lar\u0131n\u0131z\u0131 tam ve eksiksiz sa\u011flayabilmek i\u00e7in bir telefon kadar yak\u0131n\u0131n\u0131zday\u0131z&#8230;<\/div>\n","protected":false},"excerpt":{"rendered":"<p>Gema\u015f CT Polyesterden Mamul Pompa Sehpas\u0131 Tekli CT Polyesterden Mamul Pompa Sehpas\u0131 Streamer ve Flooder 10 HP\u2019ye kadar t\u00fcm modeller<\/p>\n","protected":false},"featured_media":9284,"template":"","meta":[],"product_brand":[],"product_cat":[300,426],"product_tag":[],"class_list":{"0":"post-9283","1":"product","2":"type-product","3":"status-publish","4":"has-post-thumbnail","6":"product_cat-havuz-filtreleri","7":"product_cat-pompa-sehpalari-vibrasyon-takozlari","9":"first","10":"instock","11":"taxable","12":"shipping-taxable","13":"product-type-simple"},"_links":{"self":[{"href":"https:\/\/tunahavuz.com\/online\/wp-json\/wp\/v2\/product\/9283","targetHints":{"allow":["GET"]}}],"collection":[{"href":"https:\/\/tunahavuz.com\/online\/wp-json\/wp\/v2\/product"}],"about":[{"href":"https:\/\/tunahavuz.com\/online\/wp-json\/wp\/v2\/types\/product"}],"version-history":[{"count":1,"href":"https:\/\/tunahavuz.com\/online\/wp-json\/wp\/v2\/product\/9283\/revisions"}],"predecessor-version":[{"id":29492,"href":"https:\/\/tunahavuz.com\/online\/wp-json\/wp\/v2\/product\/9283\/revisions\/29492"}],"wp:featuredmedia":[{"embeddable":true,"href":"https:\/\/tunahavuz.com\/online\/wp-json\/wp\/v2\/media\/9284"}],"wp:attachment":[{"href":"https:\/\/tunahavuz.com\/online\/wp-json\/wp\/v2\/media?parent=9283"}],"wp:term":[{"taxonomy":"product_brand","embeddable":true,"href":"https:\/\/tunahavuz.com\/online\/wp-json\/wp\/v2\/product_brand?post=9283"},{"taxonomy":"product_cat","embeddable":true,"href":"https:\/\/tunahavuz.com\/online\/wp-json\/wp\/v2\/product_cat?post=9283"},{"taxonomy":"product_tag","embeddable":true,"href":"https:\/\/tunahavuz.com\/online\/wp-json\/wp\/v2\/product_tag?post=9283"}],"curies":[{"name":"wp","href":"https:\/\/api.w.org\/{rel}","templated":true}]}}