{"id":9293,"date":"2022-12-21T02:47:51","date_gmt":"2022-12-20T23:47:51","guid":{"rendered":"https:\/\/tunahavuz.com\/?post_type=product&#038;p=9293"},"modified":"2025-08-07T12:01:07","modified_gmt":"2025-08-07T09:01:07","slug":"tasmali-havuz-yapim-seti-120-ton-atlaspool","status":"publish","type":"product","link":"https:\/\/tunahavuz.com\/online\/urun\/tasmali-havuz-yapim-seti-120-ton-atlaspool\/","title":{"rendered":"Ta\u015fmal\u0131 Havuz Yap\u0131m Seti (120 Ton) Atlaspool"},"content":{"rendered":"<h1>TA\u015eMALI HAVUZ YAPIM SET\u0130 120m\u00b3<\/h1>\n<div>Siz u\u011fra\u015fmay\u0131n diye havuz tesisat\u0131nda ihtiya\u00e7 duyabilece\u011finiz<br \/>\nt\u00fcm havuz ekipmanlar\u0131n\u0131 SET HAL\u0130NE GET\u0130RD\u0130K<\/div>\n<div>\nAtlaspool Havuz yap\u0131m setleri;\u00a050-80-120 m\u00b3&#8217;l\u00fck olarak 3 t\u00fcr havuz setinden olu\u015fmaktad\u0131r.<\/div>\n<div>\nHavuz hacmine uygun set i\u00e7eri\u011fini kategoriden inceleyerek se\u00e7ebilirsiniz.<\/div>\n<div><\/div>\n<div><\/div>\n<div>Maksimum 120m\u00b3<\/div>\n<div><\/div>\n<h2>Ta\u015fmal\u0131 Havuzlar<\/h2>\n<div>Havuz Yap\u0131m Seti \u00dcr\u00fcn \u0130\u00e7erikleri \u015eu \u015eekildedir.<\/div>\n<div>\n<div>\n<div>AtlasPool 920 Mm Kum Filtresi: 1 ADET<br \/>\nAtlasPool 2 Hp Havuz Pompas\u0131: 1 ADET<br \/>\nPompa Sehpas\u0131: 1 ADET<br \/>\nHavuz Merdiveni 3 Basamak 304 Model Standart: 1 ADET<br \/>\nFiltre \u0130\u00e7in Kuvars Kum: 450 Kg.<br \/>\n20 Cm Tek Ge\u00e7me Savak Havuz Izgara: 40 Mt.<br \/>\n20 Cm Havuz Izgaras\u0131 K\u00f6\u015fe Par\u00e7as\u0131: 4 ADET<br \/>\nS\u0131va \u00dcst\u00fc Beyaz I\u015f\u0131k Led Havuz Lambas\u0131 30 Watt: 4 ADET<br \/>\nElektrik Panosu Mono (1 Motor +1 Lamba): 1 ADET<br \/>\nDip Emi\u015f Izgaras\u0131: 1 ADET<br \/>\nD63 Vana: 8 ADET<br \/>\nD63 \u00c7ekvalf: 1 ADET<br \/>\nD63 S\u00fcp\u00fcrge Nozulu Yap\u0131\u015ft\u0131rma Tip: 1 ADET<br \/>\nD63 Tabandan Besleme Nozulu Yap\u0131\u015ft\u0131rma Tip: 12 ADET<br \/>\nPvc Yap\u0131\u015ft\u0131r\u0131c\u0131: 2 Kg.<br \/>\nHavuz Trafosu 12 Volt 300 Watt: 1 ADET<br \/>\nD63 Pvc Boru 10 At\u00fc: 40 Mt.<br \/>\nD63 Kapal\u0131 Dirsek 90: 36 ADET<br \/>\nD63 Te: 12 ADET<br \/>\nD63 Man\u015fon: 2 ADET<\/div>\n<p>Not: \u00dcr\u00fcn \u0130\u00e7eri\u011fi \u0130stedi\u011finiz \u00dcr\u00fcne G\u00f6re Ekleme yada \u00c7\u0131kartma Yap\u0131labilir.<\/p><\/div>\n<\/div>\n<div><\/div>\n<div><img decoding=\"async\" src=\"https:\/\/www.havuzdan.com\/class\/INNOVAEditor\/assets\/HAVUZYAPIMSET\/100m3Tasmal%C4%B1.png\" alt=\"\" border=\"0\" \/><\/div>\n<div>\n<div>\n<div>Havuz mekanik yap\u0131m setinin sevkiyat\u0131 \u00dcCRETS\u0130Z AMBAR ile g\u00f6nderim yap\u0131lacakt\u0131r.<\/div>\n<\/div>\n<div>\n<p>5 Y\u0131l Garanti S\u00fcresi<br \/>\nTalep \u00fczerine \u00e7e\u015fitli se\u00e7enekler ve versiyonlar mevcuttur.<\/p>\n<p>Profesyoneller yada Bireyseller i\u00e7in y\u00fcksek kaliteli markalar\u0131, teknolojiye uygun \u00fcr\u00fcnleri <strong>Tuna Havuz<\/strong> olarak<br \/>\nT\u00fcrkiye\u2019nin d\u00f6rt bir yan\u0131na sunmaktay\u0131z. Ev Havuzu, Y\u00fczme Havuzu, Olimpik Havuzlar, Bah\u00e7e Havuzlar\u0131, G\u00f6letler ve<br \/>\nT\u00fcm Havuz \u0130htiya\u00e7lar\u0131n\u0131z\u0131 tam ve eksiksiz sa\u011flayabilmek i\u00e7in bir telefon kadar yak\u0131n\u0131n\u0131zday\u0131z&#8230;<\/p>\n<\/div>\n<\/div>\n","protected":false},"excerpt":{"rendered":"<p>TA\u015eMALI HAVUZ YAPIM SET\u0130 120m\u00b3 Siz u\u011fra\u015fmay\u0131n diye havuz tesisat\u0131nda ihtiya\u00e7 duyabilece\u011finiz t\u00fcm havuz ekipmanlar\u0131n\u0131 SET HAL\u0130NE GET\u0130RD\u0130K Atlaspool Havuz<\/p>\n","protected":false},"featured_media":9294,"template":"","meta":[],"product_brand":[],"product_cat":[300,318,494],"product_tag":[],"class_list":{"0":"post-9293","1":"product","2":"type-product","3":"status-publish","4":"has-post-thumbnail","6":"product_cat-havuz-filtreleri","7":"product_cat-havuz-yapim-setleri-havuz-filtreleri","8":"product_cat-tasmali-havuz-mekanik-yapim-seti-havuz-pompalari","10":"first","11":"instock","12":"taxable","13":"shipping-taxable","14":"product-type-simple"},"_links":{"self":[{"href":"https:\/\/tunahavuz.com\/online\/wp-json\/wp\/v2\/product\/9293","targetHints":{"allow":["GET"]}}],"collection":[{"href":"https:\/\/tunahavuz.com\/online\/wp-json\/wp\/v2\/product"}],"about":[{"href":"https:\/\/tunahavuz.com\/online\/wp-json\/wp\/v2\/types\/product"}],"version-history":[{"count":1,"href":"https:\/\/tunahavuz.com\/online\/wp-json\/wp\/v2\/product\/9293\/revisions"}],"predecessor-version":[{"id":29489,"href":"https:\/\/tunahavuz.com\/online\/wp-json\/wp\/v2\/product\/9293\/revisions\/29489"}],"wp:featuredmedia":[{"embeddable":true,"href":"https:\/\/tunahavuz.com\/online\/wp-json\/wp\/v2\/media\/9294"}],"wp:attachment":[{"href":"https:\/\/tunahavuz.com\/online\/wp-json\/wp\/v2\/media?parent=9293"}],"wp:term":[{"taxonomy":"product_brand","embeddable":true,"href":"https:\/\/tunahavuz.com\/online\/wp-json\/wp\/v2\/product_brand?post=9293"},{"taxonomy":"product_cat","embeddable":true,"href":"https:\/\/tunahavuz.com\/online\/wp-json\/wp\/v2\/product_cat?post=9293"},{"taxonomy":"product_tag","embeddable":true,"href":"https:\/\/tunahavuz.com\/online\/wp-json\/wp\/v2\/product_tag?post=9293"}],"curies":[{"name":"wp","href":"https:\/\/api.w.org\/{rel}","templated":true}]}}