{"id":9299,"date":"2022-12-21T02:51:29","date_gmt":"2022-12-20T23:51:29","guid":{"rendered":"https:\/\/tunahavuz.com\/?post_type=product&#038;p=9299"},"modified":"2025-08-07T12:00:48","modified_gmt":"2025-08-07T09:00:48","slug":"yamaha-scout-cocuklar-icin-su-scooter","status":"publish","type":"product","link":"https:\/\/tunahavuz.com\/online\/urun\/yamaha-scout-cocuklar-icin-su-scooter\/","title":{"rendered":"Yamaha Scout \u00c7ocuklar \u0130\u00e7in Su Scooter"},"content":{"rendered":"<h1>YAMAHA SEE DOO SCOUT<\/h1>\n<div>E\u011eLENCE SER\u0130S\u0130 SCOOTER<\/div>\n<div><\/div>\n<div><img decoding=\"async\" src=\"https:\/\/www.havuzdan.com\/class\/INNOVAEditor\/assets\/YAMAHASCOUT\/giri%C5%9F.png\" alt=\"\" border=\"0\" \/><\/div>\n<div>\n<h3>YAMAHA SEE DOO SCOUT<\/h3>\n<div>\u00dcR\u00dcN \u00d6ZELL\u0130KLER\u0130<\/div>\n<div>\n<div>Scout, 8-10 ya\u015f aras\u0131ndaki yeti\u015fkin denetimli \u00e7ocuklara y\u00f6nelik<\/div>\n<div>daha k\u00fc\u00e7\u00fck, daha hafif model bir modeldir.<\/div>\n<div>Tek bir \u015farjla bir saatlik kullan\u0131ma uygundur.<br \/>\nNormal kullan\u0131m ile 1 saate kadar \u00e7al\u0131\u015fma s\u00fcresi<\/div>\n<div>(40 dakikaya kadar y\u00fcksek h\u0131zda s\u00fcrekli kullan\u0131m)<\/div>\n<div><\/div>\n<div><\/div>\n<div>1,6 km\/saat h\u0131za ula\u015fabilir<\/div>\n<div>\n<div>3 m derinli\u011fe kadar dalabilir<br \/>\nKapsaml\u0131 g\u00fcvenlik \u00f6nlemleri<\/div>\n<div>\nTuzlu suda kullan\u0131m i\u00e7in tasarlanm\u0131\u015ft\u0131r<\/div>\n<div><img decoding=\"async\" src=\"https:\/\/www.havuzdan.com\/class\/INNOVAEditor\/assets\/YAMAHASCOUT\/swiming.png\" alt=\"\" border=\"0\" \/><\/div>\n<div>\nBoyutlar: 265,5 x 265,5 x 338 mm<\/div>\n<div><\/div>\n<div><img decoding=\"async\" src=\"https:\/\/www.havuzdan.com\/class\/INNOVAEditor\/assets\/YAMAHASCOUT\/teknik%C3%B6zellikleri.png\" alt=\"\" border=\"0\" \/><\/div>\n<div><\/div>\n<div>\n<p>Talep \u00fczerine \u00e7e\u015fitli se\u00e7enekler ve versiyonlar mevcuttur.<\/p>\n<p>Profesyoneller yada Bireyseller i\u00e7in y\u00fcksek kaliteli markalar\u0131, teknolojiye uygun \u00fcr\u00fcnleri <strong>Tuna Havuz<\/strong> olarak<br \/>\nT\u00fcrkiye\u2019nin d\u00f6rt bir yan\u0131na sunmaktay\u0131z. Ev Havuzu, Y\u00fczme Havuzu, Olimpik Havuzlar, Bah\u00e7e Havuzlar\u0131, G\u00f6letler ve<br \/>\nT\u00fcm Havuz \u0130htiya\u00e7lar\u0131n\u0131z\u0131 tam ve eksiksiz sa\u011flayabilmek i\u00e7in bir telefon kadar yak\u0131n\u0131n\u0131zday\u0131z&#8230;<\/p>\n<\/div>\n<\/div>\n<\/div>\n<\/div>\n","protected":false},"excerpt":{"rendered":"<p>YAMAHA SEE DOO SCOUT E\u011eLENCE SER\u0130S\u0130 SCOOTER YAMAHA SEE DOO SCOUT \u00dcR\u00dcN \u00d6ZELL\u0130KLER\u0130 Scout, 8-10 ya\u015f aras\u0131ndaki yeti\u015fkin denetimli \u00e7ocuklara<\/p>\n","protected":false},"featured_media":9300,"template":"","meta":[],"product_brand":[],"product_cat":[565,486],"product_tag":[],"class_list":{"0":"post-9299","1":"product","2":"type-product","3":"status-publish","4":"has-post-thumbnail","6":"product_cat-dalis-ekipmanlari","7":"product_cat-su-sporlari","9":"first","10":"instock","11":"taxable","12":"shipping-taxable","13":"product-type-simple"},"_links":{"self":[{"href":"https:\/\/tunahavuz.com\/online\/wp-json\/wp\/v2\/product\/9299","targetHints":{"allow":["GET"]}}],"collection":[{"href":"https:\/\/tunahavuz.com\/online\/wp-json\/wp\/v2\/product"}],"about":[{"href":"https:\/\/tunahavuz.com\/online\/wp-json\/wp\/v2\/types\/product"}],"version-history":[{"count":1,"href":"https:\/\/tunahavuz.com\/online\/wp-json\/wp\/v2\/product\/9299\/revisions"}],"predecessor-version":[{"id":29487,"href":"https:\/\/tunahavuz.com\/online\/wp-json\/wp\/v2\/product\/9299\/revisions\/29487"}],"wp:featuredmedia":[{"embeddable":true,"href":"https:\/\/tunahavuz.com\/online\/wp-json\/wp\/v2\/media\/9300"}],"wp:attachment":[{"href":"https:\/\/tunahavuz.com\/online\/wp-json\/wp\/v2\/media?parent=9299"}],"wp:term":[{"taxonomy":"product_brand","embeddable":true,"href":"https:\/\/tunahavuz.com\/online\/wp-json\/wp\/v2\/product_brand?post=9299"},{"taxonomy":"product_cat","embeddable":true,"href":"https:\/\/tunahavuz.com\/online\/wp-json\/wp\/v2\/product_cat?post=9299"},{"taxonomy":"product_tag","embeddable":true,"href":"https:\/\/tunahavuz.com\/online\/wp-json\/wp\/v2\/product_tag?post=9299"}],"curies":[{"name":"wp","href":"https:\/\/api.w.org\/{rel}","templated":true}]}}