{"id":9308,"date":"2022-12-21T03:02:07","date_gmt":"2022-12-21T00:02:07","guid":{"rendered":"https:\/\/tunahavuz.com\/?post_type=product&#038;p=9308"},"modified":"2025-08-07T12:00:19","modified_gmt":"2025-08-07T09:00:19","slug":"8-basamakli-havuz-merdiveni-304-model-egimli-inis-genislik-970-mm","status":"publish","type":"product","link":"https:\/\/tunahavuz.com\/online\/urun\/8-basamakli-havuz-merdiveni-304-model-egimli-inis-genislik-970-mm\/","title":{"rendered":"8 Basamakl\u0131 Havuz Merdiveni 304 Model E\u011fimli \u0130ni\u015f Geni\u015flik 970 mm"},"content":{"rendered":"<div class=\"product-detail\">\n<div>\n<h1>E\u011fimli \u0130ni\u015f Merdiveni 304 Model<\/h1>\n<h2>PASLANMAZ \u00c7EL\u0130K HAVUZ MERD\u0130VEN\u0130<\/h2>\n<h3>Gema\u015f Havuz Merdiveni<\/h3>\n<h4>8 Basamakl\u0131 Havuz Merdivenleri<\/h4>\n<\/div>\n<div>Geni\u015flik 970 mm. Kollar \u00d8 42 mm\u00a0AISI 304 paslanmaz \u00e7elik borudan,<\/div>\n<div>paslanmaz \u00e7elik \u00e7er\u00e7eveli &#8211; kaymaz polyester basamaklar\u0131, plastik ankrajlar\u0131 ve rozetleri ile komple.<\/div>\n<div><\/div>\n<div><img decoding=\"async\" src=\"https:\/\/www.havuzdan.com\/class\/INNOVAEditor\/assets\/havuzMerdiven\/havuz%20merdivenleri%20aciklama.jpg\" alt=\"\" border=\"0\" \/><\/div>\n<div>\n<p>2 Y\u0131l Garanti S\u00fcresi<br \/>\nTalep \u00fczerine \u00e7e\u015fitli se\u00e7enekler ve versiyonlar mevcuttur.<\/p>\n<p>Profesyoneller yada Bireyseller i\u00e7in y\u00fcksek kaliteli markalar\u0131, teknolojiye uygun \u00fcr\u00fcnleri <strong>Tuna Havuz<\/strong> olarak<br \/>\nT\u00fcrkiye\u2019nin d\u00f6rt bir yan\u0131na sunmaktay\u0131z. Ev Havuzu, Y\u00fczme Havuzu, Olimpik Havuzlar, Bah\u00e7e Havuzlar\u0131, G\u00f6letler ve<br \/>\nT\u00fcm Havuz \u0130htiya\u00e7lar\u0131n\u0131z\u0131 tam ve eksiksiz sa\u011flayabilmek i\u00e7in bir telefon kadar yak\u0131n\u0131n\u0131zday\u0131z&#8230;<\/p>\n<\/div>\n<\/div>\n","protected":false},"excerpt":{"rendered":"<p>E\u011fimli \u0130ni\u015f Merdiveni 304 Model PASLANMAZ \u00c7EL\u0130K HAVUZ MERD\u0130VEN\u0130 Gema\u015f Havuz Merdiveni 8 Basamakl\u0131 Havuz Merdivenleri Geni\u015flik 970 mm. Kollar<\/p>\n","protected":false},"featured_media":9309,"template":"","meta":[],"product_brand":[],"product_cat":[299,306,309],"product_tag":[],"class_list":{"0":"post-9308","1":"product","2":"type-product","3":"status-publish","4":"has-post-thumbnail","6":"product_cat-havuz-ekipmanlari","7":"product_cat-havuz-kenar-ekipmanlari","8":"product_cat-havuz-merdivenleri","10":"first","11":"instock","12":"taxable","13":"shipping-taxable","14":"product-type-simple"},"_links":{"self":[{"href":"https:\/\/tunahavuz.com\/online\/wp-json\/wp\/v2\/product\/9308","targetHints":{"allow":["GET"]}}],"collection":[{"href":"https:\/\/tunahavuz.com\/online\/wp-json\/wp\/v2\/product"}],"about":[{"href":"https:\/\/tunahavuz.com\/online\/wp-json\/wp\/v2\/types\/product"}],"version-history":[{"count":1,"href":"https:\/\/tunahavuz.com\/online\/wp-json\/wp\/v2\/product\/9308\/revisions"}],"predecessor-version":[{"id":29484,"href":"https:\/\/tunahavuz.com\/online\/wp-json\/wp\/v2\/product\/9308\/revisions\/29484"}],"wp:featuredmedia":[{"embeddable":true,"href":"https:\/\/tunahavuz.com\/online\/wp-json\/wp\/v2\/media\/9309"}],"wp:attachment":[{"href":"https:\/\/tunahavuz.com\/online\/wp-json\/wp\/v2\/media?parent=9308"}],"wp:term":[{"taxonomy":"product_brand","embeddable":true,"href":"https:\/\/tunahavuz.com\/online\/wp-json\/wp\/v2\/product_brand?post=9308"},{"taxonomy":"product_cat","embeddable":true,"href":"https:\/\/tunahavuz.com\/online\/wp-json\/wp\/v2\/product_cat?post=9308"},{"taxonomy":"product_tag","embeddable":true,"href":"https:\/\/tunahavuz.com\/online\/wp-json\/wp\/v2\/product_tag?post=9308"}],"curies":[{"name":"wp","href":"https:\/\/api.w.org\/{rel}","templated":true}]}}