{"id":9311,"date":"2022-12-21T03:09:44","date_gmt":"2022-12-21T00:09:44","guid":{"rendered":"https:\/\/tunahavuz.com\/?post_type=product&#038;p=9311"},"modified":"2025-08-07T12:00:09","modified_gmt":"2025-08-07T09:00:09","slug":"nozbart-merdiven-basamak-vidasi-paslanmaz-celik","status":"publish","type":"product","link":"https:\/\/tunahavuz.com\/online\/urun\/nozbart-merdiven-basamak-vidasi-paslanmaz-celik\/","title":{"rendered":"Nozbart Merdiven Basamak Vidas\u0131 Paslanmaz \u00c7elik"},"content":{"rendered":"<h1>Nozbart Paslanmaz Basamak Vidas\u0131<\/h1>\n<div><\/div>\n<div><img fetchpriority=\"high\" decoding=\"async\" class=\"\" src=\"https:\/\/www.havuzdan.com\/class\/INNOVAEditor\/assets\/nozbart_basamak_vidasi.jpg\" alt=\"Nozbart\" width=\"326\" height=\"212\" border=\"0\" \/><\/div>\n<div>\n<p>En iyi fiyatla TUNAHAVUZ&#8217; dan sat\u0131n al\u0131n! \u015eimdi indirimli fiyatla online sipari\u015f verin, aya\u011f\u0131n\u0131za gelsin!<\/p>\n<div>\n<div>Profesyoneller yada Bireyseller i\u00e7in y\u00fcksek kaliteli markalar\u0131, teknolojiye uygun \u00fcr\u00fcnleri <strong>Tuna Havuz<\/strong> olarak<br \/>\nT\u00fcrkiye\u2019nin d\u00f6rt bir yan\u0131na sunmaktay\u0131z. Ev Havuzu, Y\u00fczme Havuzu, Olimpik Havuzlar, Bah\u00e7e Havuzlar\u0131, G\u00f6letler ve<br \/>\nT\u00fcm Havuz \u0130htiya\u00e7lar\u0131n\u0131z\u0131 tam ve eksiksiz sa\u011flayabilmek i\u00e7in bir telefon kadar yak\u0131n\u0131n\u0131zday\u0131z&#8230;<\/div>\n<\/div>\n<\/div>\n","protected":false},"excerpt":{"rendered":"<p>Nozbart Paslanmaz Basamak Vidas\u0131 En iyi fiyatla TUNAHAVUZ&#8217; dan sat\u0131n al\u0131n! \u015eimdi indirimli fiyatla online sipari\u015f verin, aya\u011f\u0131n\u0131za gelsin! Profesyoneller<\/p>\n","protected":false},"featured_media":9312,"template":"","meta":[],"product_brand":[],"product_cat":[299,306,376],"product_tag":[],"class_list":{"0":"post-9311","1":"product","2":"type-product","3":"status-publish","4":"has-post-thumbnail","6":"product_cat-havuz-ekipmanlari","7":"product_cat-havuz-kenar-ekipmanlari","8":"product_cat-merdiven-aksesuarlari","10":"first","11":"instock","12":"taxable","13":"shipping-taxable","14":"product-type-simple"},"_links":{"self":[{"href":"https:\/\/tunahavuz.com\/online\/wp-json\/wp\/v2\/product\/9311","targetHints":{"allow":["GET"]}}],"collection":[{"href":"https:\/\/tunahavuz.com\/online\/wp-json\/wp\/v2\/product"}],"about":[{"href":"https:\/\/tunahavuz.com\/online\/wp-json\/wp\/v2\/types\/product"}],"version-history":[{"count":1,"href":"https:\/\/tunahavuz.com\/online\/wp-json\/wp\/v2\/product\/9311\/revisions"}],"predecessor-version":[{"id":29483,"href":"https:\/\/tunahavuz.com\/online\/wp-json\/wp\/v2\/product\/9311\/revisions\/29483"}],"wp:featuredmedia":[{"embeddable":true,"href":"https:\/\/tunahavuz.com\/online\/wp-json\/wp\/v2\/media\/9312"}],"wp:attachment":[{"href":"https:\/\/tunahavuz.com\/online\/wp-json\/wp\/v2\/media?parent=9311"}],"wp:term":[{"taxonomy":"product_brand","embeddable":true,"href":"https:\/\/tunahavuz.com\/online\/wp-json\/wp\/v2\/product_brand?post=9311"},{"taxonomy":"product_cat","embeddable":true,"href":"https:\/\/tunahavuz.com\/online\/wp-json\/wp\/v2\/product_cat?post=9311"},{"taxonomy":"product_tag","embeddable":true,"href":"https:\/\/tunahavuz.com\/online\/wp-json\/wp\/v2\/product_tag?post=9311"}],"curies":[{"name":"wp","href":"https:\/\/api.w.org\/{rel}","templated":true}]}}