{"id":9317,"date":"2022-12-21T03:13:49","date_gmt":"2022-12-21T00:13:49","guid":{"rendered":"https:\/\/tunahavuz.com\/?post_type=product&#038;p=9317"},"modified":"2025-08-07T11:59:53","modified_gmt":"2025-08-07T08:59:53","slug":"kripsol-paslanmaz-merdiven-tutamagi-civatali-1524-mm","status":"publish","type":"product","link":"https:\/\/tunahavuz.com\/online\/urun\/kripsol-paslanmaz-merdiven-tutamagi-civatali-1524-mm\/","title":{"rendered":"Kr\u0131psol Paslanmaz Merdiven Tutama\u011f\u0131 Civatal\u0131 1524 mm"},"content":{"rendered":"<h1>Neta\u00a0Paslanmaz Merdiven Tutama\u011f\u0131 Civatal\u0131<\/h1>\n<h1><img decoding=\"async\" src=\"https:\/\/www.havuzdan.com\/class\/INNOVAEditor\/assets\/Neta_paslanmaz_tutamaklar_3.png\" alt=\"\" border=\"0\" \/><\/h1>\n<h1><\/h1>\n<h1><img fetchpriority=\"high\" decoding=\"async\" class=\"\" src=\"https:\/\/www.havuzdan.com\/class\/INNOVAEditor\/assets\/Neta_betona_montajl%C4%B1_model_1.png\" alt=\"\" width=\"882\" height=\"607\" border=\"0\" \/><\/h1>\n<p>&nbsp;<\/p>\n<p>Profesyoneller yada Bireyseller i\u00e7in y\u00fcksek kaliteli markalar\u0131, teknolojiye uygun \u00fcr\u00fcnleri <strong>Tuna Havuz<\/strong> olarak<br \/>\nT\u00fcrkiye\u2019nin d\u00f6rt bir yan\u0131na sunmaktay\u0131z. Ev Havuzu, Y\u00fczme Havuzu, Olimpik Havuzlar, Bah\u00e7e Havuzlar\u0131, G\u00f6letler ve<br \/>\nT\u00fcm Havuz \u0130htiya\u00e7lar\u0131n\u0131z\u0131 tam ve eksiksiz sa\u011flayabilmek i\u00e7in bir telefon kadar yak\u0131n\u0131n\u0131zday\u0131z&#8230;<\/p>\n","protected":false},"excerpt":{"rendered":"<p>Neta\u00a0Paslanmaz Merdiven Tutama\u011f\u0131 Civatal\u0131 &nbsp; Profesyoneller yada Bireyseller i\u00e7in y\u00fcksek kaliteli markalar\u0131, teknolojiye uygun \u00fcr\u00fcnleri Tuna Havuz olarak T\u00fcrkiye\u2019nin d\u00f6rt<\/p>\n","protected":false},"featured_media":9318,"template":"","meta":[],"product_brand":[],"product_cat":[299,306,377],"product_tag":[],"class_list":{"0":"post-9317","1":"product","2":"type-product","3":"status-publish","4":"has-post-thumbnail","6":"product_cat-havuz-ekipmanlari","7":"product_cat-havuz-kenar-ekipmanlari","8":"product_cat-merdiven-tutamaklari","10":"first","11":"instock","12":"taxable","13":"shipping-taxable","14":"product-type-simple"},"_links":{"self":[{"href":"https:\/\/tunahavuz.com\/online\/wp-json\/wp\/v2\/product\/9317","targetHints":{"allow":["GET"]}}],"collection":[{"href":"https:\/\/tunahavuz.com\/online\/wp-json\/wp\/v2\/product"}],"about":[{"href":"https:\/\/tunahavuz.com\/online\/wp-json\/wp\/v2\/types\/product"}],"version-history":[{"count":1,"href":"https:\/\/tunahavuz.com\/online\/wp-json\/wp\/v2\/product\/9317\/revisions"}],"predecessor-version":[{"id":29481,"href":"https:\/\/tunahavuz.com\/online\/wp-json\/wp\/v2\/product\/9317\/revisions\/29481"}],"wp:featuredmedia":[{"embeddable":true,"href":"https:\/\/tunahavuz.com\/online\/wp-json\/wp\/v2\/media\/9318"}],"wp:attachment":[{"href":"https:\/\/tunahavuz.com\/online\/wp-json\/wp\/v2\/media?parent=9317"}],"wp:term":[{"taxonomy":"product_brand","embeddable":true,"href":"https:\/\/tunahavuz.com\/online\/wp-json\/wp\/v2\/product_brand?post=9317"},{"taxonomy":"product_cat","embeddable":true,"href":"https:\/\/tunahavuz.com\/online\/wp-json\/wp\/v2\/product_cat?post=9317"},{"taxonomy":"product_tag","embeddable":true,"href":"https:\/\/tunahavuz.com\/online\/wp-json\/wp\/v2\/product_tag?post=9317"}],"curies":[{"name":"wp","href":"https:\/\/api.w.org\/{rel}","templated":true}]}}