{"id":9320,"date":"2022-12-21T03:15:05","date_gmt":"2022-12-21T00:15:05","guid":{"rendered":"https:\/\/tunahavuz.com\/?post_type=product&#038;p=9320"},"modified":"2025-08-07T11:59:45","modified_gmt":"2025-08-07T08:59:45","slug":"nozbart-tutamak-6-kivrimli-gommeli-872-mm","status":"publish","type":"product","link":"https:\/\/tunahavuz.com\/online\/urun\/nozbart-tutamak-6-kivrimli-gommeli-872-mm\/","title":{"rendered":"Nozbart Tutamak 6 K\u0131vr\u0131ml\u0131 G\u00f6mmeli 872 mm"},"content":{"rendered":"<h1>Nozbart 6 K\u0131vr\u0131ml\u0131 Tutamak<\/h1>\n<div>G\u00f6mmeli<\/div>\n<div><\/div>\n<div><img fetchpriority=\"high\" decoding=\"async\" class=\"\" src=\"https:\/\/www.havuzdan.com\/class\/INNOVAEditor\/assets\/nozbart_6_kivrimli_tutamak_1.jpg\" alt=\"Nozbart Tutamak\" width=\"853\" height=\"585\" border=\"0\" \/><\/div>\n<div><\/div>\n<div>Profesyoneller yada Bireyseller i\u00e7in y\u00fcksek kaliteli markalar\u0131, teknolojiye uygun \u00fcr\u00fcnleri <strong>Tuna Havuz<\/strong> olarak<br \/>\nT\u00fcrkiye\u2019nin d\u00f6rt bir yan\u0131na sunmaktay\u0131z. Ev Havuzu, Y\u00fczme Havuzu, Olimpik Havuzlar, Bah\u00e7e Havuzlar\u0131, G\u00f6letler ve<br \/>\nT\u00fcm Havuz \u0130htiya\u00e7lar\u0131n\u0131z\u0131 tam ve eksiksiz sa\u011flayabilmek i\u00e7in bir telefon kadar yak\u0131n\u0131n\u0131zday\u0131z&#8230;<\/div>\n","protected":false},"excerpt":{"rendered":"<p>Nozbart 6 K\u0131vr\u0131ml\u0131 Tutamak G\u00f6mmeli Profesyoneller yada Bireyseller i\u00e7in y\u00fcksek kaliteli markalar\u0131, teknolojiye uygun \u00fcr\u00fcnleri Tuna Havuz olarak T\u00fcrkiye\u2019nin d\u00f6rt<\/p>\n","protected":false},"featured_media":9321,"template":"","meta":[],"product_brand":[],"product_cat":[299,306,377],"product_tag":[],"class_list":{"0":"post-9320","1":"product","2":"type-product","3":"status-publish","4":"has-post-thumbnail","6":"product_cat-havuz-ekipmanlari","7":"product_cat-havuz-kenar-ekipmanlari","8":"product_cat-merdiven-tutamaklari","10":"first","11":"instock","12":"taxable","13":"shipping-taxable","14":"product-type-simple"},"_links":{"self":[{"href":"https:\/\/tunahavuz.com\/online\/wp-json\/wp\/v2\/product\/9320","targetHints":{"allow":["GET"]}}],"collection":[{"href":"https:\/\/tunahavuz.com\/online\/wp-json\/wp\/v2\/product"}],"about":[{"href":"https:\/\/tunahavuz.com\/online\/wp-json\/wp\/v2\/types\/product"}],"version-history":[{"count":1,"href":"https:\/\/tunahavuz.com\/online\/wp-json\/wp\/v2\/product\/9320\/revisions"}],"predecessor-version":[{"id":29480,"href":"https:\/\/tunahavuz.com\/online\/wp-json\/wp\/v2\/product\/9320\/revisions\/29480"}],"wp:featuredmedia":[{"embeddable":true,"href":"https:\/\/tunahavuz.com\/online\/wp-json\/wp\/v2\/media\/9321"}],"wp:attachment":[{"href":"https:\/\/tunahavuz.com\/online\/wp-json\/wp\/v2\/media?parent=9320"}],"wp:term":[{"taxonomy":"product_brand","embeddable":true,"href":"https:\/\/tunahavuz.com\/online\/wp-json\/wp\/v2\/product_brand?post=9320"},{"taxonomy":"product_cat","embeddable":true,"href":"https:\/\/tunahavuz.com\/online\/wp-json\/wp\/v2\/product_cat?post=9320"},{"taxonomy":"product_tag","embeddable":true,"href":"https:\/\/tunahavuz.com\/online\/wp-json\/wp\/v2\/product_tag?post=9320"}],"curies":[{"name":"wp","href":"https:\/\/api.w.org\/{rel}","templated":true}]}}