{"id":9323,"date":"2022-12-21T03:16:41","date_gmt":"2022-12-21T00:16:41","guid":{"rendered":"https:\/\/tunahavuz.com\/?post_type=product&#038;p=9323"},"modified":"2025-08-07T11:59:36","modified_gmt":"2025-08-07T08:59:36","slug":"can-kurtaran-koltugu-model-2","status":"publish","type":"product","link":"https:\/\/tunahavuz.com\/online\/urun\/can-kurtaran-koltugu-model-2\/","title":{"rendered":"Can Kurtaran Koltu\u011fu Model 2"},"content":{"rendered":"<h1>Can Kurtaran Koltu\u011fu Model 2<br \/>\n<span class=\"SubtleEmphasis\">AISI 304 kalite paslanmaz \u00e7elik \u00d8 42 mm borudan imal edilmi\u015ftir.<\/span><\/h1>\n<h2><\/h2>\n<h2><img decoding=\"async\" src=\"https:\/\/www.havuzdan.com\/class\/INNOVAEditor\/assets\/cankurtaran-koltugu-gemas-havuzdan.jpg\" alt=\"\" border=\"0\" \/><\/h2>\n<h5>Profesyoneller yada Bireyseller i\u00e7in y\u00fcksek kaliteli markalar\u0131, teknolojiye uygun \u00fcr\u00fcnleri <strong>Tuna Havuz<\/strong> olarak<br \/>\nT\u00fcrkiye\u2019nin d\u00f6rt bir yan\u0131na sunmaktay\u0131z. Ev Havuzu, Y\u00fczme Havuzu, Olimpik Havuzlar, Bah\u00e7e Havuzlar\u0131, G\u00f6letler ve<br \/>\nT\u00fcm Havuz \u0130htiya\u00e7lar\u0131n\u0131z\u0131 tam ve eksiksiz sa\u011flayabilmek i\u00e7in bir telefon kadar yak\u0131n\u0131n\u0131zday\u0131z&#8230;<\/h5>\n","protected":false},"excerpt":{"rendered":"<p>Can Kurtaran Koltu\u011fu Model 2 AISI 304 kalite paslanmaz \u00e7elik \u00d8 42 mm borudan imal edilmi\u015ftir. Profesyoneller yada Bireyseller i\u00e7in<\/p>\n","protected":false},"featured_media":9324,"template":"","meta":[],"product_brand":[],"product_cat":[299,306,377],"product_tag":[],"class_list":{"0":"post-9323","1":"product","2":"type-product","3":"status-publish","4":"has-post-thumbnail","6":"product_cat-havuz-ekipmanlari","7":"product_cat-havuz-kenar-ekipmanlari","8":"product_cat-merdiven-tutamaklari","10":"first","11":"instock","12":"taxable","13":"shipping-taxable","14":"product-type-simple"},"_links":{"self":[{"href":"https:\/\/tunahavuz.com\/online\/wp-json\/wp\/v2\/product\/9323","targetHints":{"allow":["GET"]}}],"collection":[{"href":"https:\/\/tunahavuz.com\/online\/wp-json\/wp\/v2\/product"}],"about":[{"href":"https:\/\/tunahavuz.com\/online\/wp-json\/wp\/v2\/types\/product"}],"version-history":[{"count":1,"href":"https:\/\/tunahavuz.com\/online\/wp-json\/wp\/v2\/product\/9323\/revisions"}],"predecessor-version":[{"id":29479,"href":"https:\/\/tunahavuz.com\/online\/wp-json\/wp\/v2\/product\/9323\/revisions\/29479"}],"wp:featuredmedia":[{"embeddable":true,"href":"https:\/\/tunahavuz.com\/online\/wp-json\/wp\/v2\/media\/9324"}],"wp:attachment":[{"href":"https:\/\/tunahavuz.com\/online\/wp-json\/wp\/v2\/media?parent=9323"}],"wp:term":[{"taxonomy":"product_brand","embeddable":true,"href":"https:\/\/tunahavuz.com\/online\/wp-json\/wp\/v2\/product_brand?post=9323"},{"taxonomy":"product_cat","embeddable":true,"href":"https:\/\/tunahavuz.com\/online\/wp-json\/wp\/v2\/product_cat?post=9323"},{"taxonomy":"product_tag","embeddable":true,"href":"https:\/\/tunahavuz.com\/online\/wp-json\/wp\/v2\/product_tag?post=9323"}],"curies":[{"name":"wp","href":"https:\/\/api.w.org\/{rel}","templated":true}]}}