{"id":9329,"date":"2022-12-21T03:20:51","date_gmt":"2022-12-21T00:20:51","guid":{"rendered":"https:\/\/tunahavuz.com\/?post_type=product&#038;p=9329"},"modified":"2025-08-07T11:59:06","modified_gmt":"2025-08-07T08:59:06","slug":"neta-makine-dairesi-merdiveni","status":"publish","type":"product","link":"https:\/\/tunahavuz.com\/online\/urun\/neta-makine-dairesi-merdiveni\/","title":{"rendered":"Neta Makine Dairesi Merdiveni"},"content":{"rendered":"<h1 style=\"font-weight: 500;\"><b>NETA MAK\u0130NA DAiRESi MERDIVENI<\/b><\/h1>\n<p><b>\u00a0<\/b><\/p>\n<p>&nbsp;<\/p>\n<ul>\n<li>Cam takviyeli polyester g\u00f6vde<\/li>\n<\/ul>\n<ul>\n<li>\u00c7ok dayan\u0131kl\u0131 yap\u0131ya sahip<\/li>\n<\/ul>\n<ul>\n<li>UV dayan\u0131ml\u0131d\u0131r d\u0131\u015f ortamda kullan\u0131labilir<\/li>\n<\/ul>\n<ul>\n<li>UZUNLUK cm\u00a0\u00a0\u00a0 : 150<\/li>\n<\/ul>\n<ul>\n<li>GEN\u0130\u015eL\u0130K cm\u00a0\u00a0\u00a0 : 45<\/li>\n<\/ul>\n<ul>\n<li>BASAMAK\u00a0\u00a0\u00a0\u00a0\u00a0\u00a0\u00a0\u00a0 : 4<\/li>\n<\/ul>\n<p>&nbsp;<\/p>\n<p><b>\u00a0<\/b><\/p>\n<p><b>\u00a0<\/b><\/p>\n<p><b>\u00a0<\/b><\/p>\n<p><b>\u00a0<\/b><\/p>\n<p><b>NETA POLYESTER FILTRATION HOUSING LADDER<\/b><\/p>\n<p>&nbsp;<\/p>\n<ul>\n<li>Glass rreinforced polyester body<\/li>\n<\/ul>\n<ul>\n<li>High durable structure<\/li>\n<\/ul>\n<ul>\n<li>UV resistance, can be installed outside<\/li>\n<\/ul>\n<ul>\n<li>LENGHT cm\u00a0\u00a0\u00a0\u00a0\u00a0 : 150<\/li>\n<\/ul>\n<ul>\n<li>WIDTH cm\u00a0\u00a0\u00a0\u00a0\u00a0\u00a0\u00a0\u00a0 : 45<\/li>\n<\/ul>\n<ul>\n<li>STEP\u00a0\u00a0\u00a0\u00a0\u00a0\u00a0\u00a0\u00a0\u00a0\u00a0\u00a0\u00a0\u00a0\u00a0\u00a0 \u00a0: 4<\/li>\n<\/ul>\n<p>Profesyoneller yada Bireyseller i\u00e7in y\u00fcksek kaliteli markalar\u0131, teknolojiye uygun \u00fcr\u00fcnleri <strong>Tuna Havuz<\/strong> olarak<br \/>\nT\u00fcrkiye\u2019nin d\u00f6rt bir yan\u0131na sunmaktay\u0131z. Ev Havuzu, Y\u00fczme Havuzu, Olimpik Havuzlar, Bah\u00e7e Havuzlar\u0131, G\u00f6letler ve<br \/>\nT\u00fcm Havuz \u0130htiya\u00e7lar\u0131n\u0131z\u0131 tam ve eksiksiz sa\u011flayabilmek i\u00e7in bir telefon kadar yak\u0131n\u0131n\u0131zday\u0131z&#8230;<\/p>\n","protected":false},"excerpt":{"rendered":"<p>NETA MAK\u0130NA DAiRESi MERDIVENI \u00a0 &nbsp; Cam takviyeli polyester g\u00f6vde \u00c7ok dayan\u0131kl\u0131 yap\u0131ya sahip UV dayan\u0131ml\u0131d\u0131r d\u0131\u015f ortamda kullan\u0131labilir UZUNLUK<\/p>\n","protected":false},"featured_media":9331,"template":"","meta":[],"product_brand":[],"product_cat":[299,306,371],"product_tag":[],"class_list":{"0":"post-9329","1":"product","2":"type-product","3":"status-publish","4":"has-post-thumbnail","6":"product_cat-havuz-ekipmanlari","7":"product_cat-havuz-kenar-ekipmanlari","8":"product_cat-makine-dairesi-inis-kapaklari","10":"first","11":"instock","12":"taxable","13":"shipping-taxable","14":"product-type-simple"},"_links":{"self":[{"href":"https:\/\/tunahavuz.com\/online\/wp-json\/wp\/v2\/product\/9329","targetHints":{"allow":["GET"]}}],"collection":[{"href":"https:\/\/tunahavuz.com\/online\/wp-json\/wp\/v2\/product"}],"about":[{"href":"https:\/\/tunahavuz.com\/online\/wp-json\/wp\/v2\/types\/product"}],"version-history":[{"count":1,"href":"https:\/\/tunahavuz.com\/online\/wp-json\/wp\/v2\/product\/9329\/revisions"}],"predecessor-version":[{"id":29477,"href":"https:\/\/tunahavuz.com\/online\/wp-json\/wp\/v2\/product\/9329\/revisions\/29477"}],"wp:featuredmedia":[{"embeddable":true,"href":"https:\/\/tunahavuz.com\/online\/wp-json\/wp\/v2\/media\/9331"}],"wp:attachment":[{"href":"https:\/\/tunahavuz.com\/online\/wp-json\/wp\/v2\/media?parent=9329"}],"wp:term":[{"taxonomy":"product_brand","embeddable":true,"href":"https:\/\/tunahavuz.com\/online\/wp-json\/wp\/v2\/product_brand?post=9329"},{"taxonomy":"product_cat","embeddable":true,"href":"https:\/\/tunahavuz.com\/online\/wp-json\/wp\/v2\/product_cat?post=9329"},{"taxonomy":"product_tag","embeddable":true,"href":"https:\/\/tunahavuz.com\/online\/wp-json\/wp\/v2\/product_tag?post=9329"}],"curies":[{"name":"wp","href":"https:\/\/api.w.org\/{rel}","templated":true}]}}