{"id":9333,"date":"2022-12-21T03:22:26","date_gmt":"2022-12-21T00:22:26","guid":{"rendered":"https:\/\/tunahavuz.com\/?post_type=product&#038;p=9333"},"modified":"2025-08-07T11:58:58","modified_gmt":"2025-08-07T08:58:58","slug":"makine-dairesi-inis-kapagi","status":"publish","type":"product","link":"https:\/\/tunahavuz.com\/online\/urun\/makine-dairesi-inis-kapagi\/","title":{"rendered":"Makine Dairesi \u0130ni\u015f Kapa\u011f\u0131"},"content":{"rendered":"<h1>Makine Dairesi \u0130ni\u015f Kapa\u011f\u0131<\/h1>\n<h1><\/h1>\n<h2>Gema\u015f Makine Dairesi \u0130ni\u015f Kapa\u011f\u0131 \u00dcr\u00fcn \u00d6zellikleri:<\/h2>\n<h2>&#8211; CTP\u2019den mamul, \u00e7ift taraf\u0131 parlak, \u00e7\u00f6k\u00fcnt\u00fc yapmamas\u0131 i\u00e7in \u00e7elik lamalar ile kuvvetlendirilmi\u015f plastik mente\u015feli Kapak.<\/h2>\n<h2>&#8211; Krom Kilit ve Tutamak.<\/h2>\n<h2>&#8211; \u00d6zel Renk \u00dcr\u00fcn i\u00e7in L\u00fctfen Fiyat Sorunuz.<\/h2>\n<h2>&#8211; \u00d6l\u00e7\u00fc: 100 x 100 cm &#8216;dir.<\/h2>\n<h2><\/h2>\n<h2><img decoding=\"async\" src=\"https:\/\/www.havuzdan.com\/class\/INNOVAEditor\/assets\/gemas-makine-dairesi-inis-kapagi-havuzdan-aciklama.jpg\" alt=\"\" border=\"0\" \/><\/h2>\n<h2><\/h2>\n<h2><img decoding=\"async\" src=\"https:\/\/www.havuzdan.com\/class\/INNOVAEditor\/assets\/gemas-makine-dairesi-inis-kapagi-havuzdan-1.jpg\" alt=\"\" border=\"0\" \/><\/h2>\n<p>&nbsp;<\/p>\n<p>Profesyoneller yada Bireyseller i\u00e7in y\u00fcksek kaliteli markalar\u0131, teknolojiye uygun \u00fcr\u00fcnleri <strong>Tuna Havuz<\/strong> olarak<br \/>\nT\u00fcrkiye\u2019nin d\u00f6rt bir yan\u0131na sunmaktay\u0131z. Ev Havuzu, Y\u00fczme Havuzu, Olimpik Havuzlar, Bah\u00e7e Havuzlar\u0131, G\u00f6letler ve<br \/>\nT\u00fcm Havuz \u0130htiya\u00e7lar\u0131n\u0131z\u0131 tam ve eksiksiz sa\u011flayabilmek i\u00e7in bir telefon kadar yak\u0131n\u0131n\u0131zday\u0131z&#8230;<\/p>\n","protected":false},"excerpt":{"rendered":"<p>Makine Dairesi \u0130ni\u015f Kapa\u011f\u0131 Gema\u015f Makine Dairesi \u0130ni\u015f Kapa\u011f\u0131 \u00dcr\u00fcn \u00d6zellikleri: &#8211; CTP\u2019den mamul, \u00e7ift taraf\u0131 parlak, \u00e7\u00f6k\u00fcnt\u00fc yapmamas\u0131 i\u00e7in<\/p>\n","protected":false},"featured_media":9334,"template":"","meta":[],"product_brand":[],"product_cat":[299,306,371],"product_tag":[],"class_list":{"0":"post-9333","1":"product","2":"type-product","3":"status-publish","4":"has-post-thumbnail","6":"product_cat-havuz-ekipmanlari","7":"product_cat-havuz-kenar-ekipmanlari","8":"product_cat-makine-dairesi-inis-kapaklari","10":"first","11":"instock","12":"taxable","13":"shipping-taxable","14":"product-type-simple"},"_links":{"self":[{"href":"https:\/\/tunahavuz.com\/online\/wp-json\/wp\/v2\/product\/9333","targetHints":{"allow":["GET"]}}],"collection":[{"href":"https:\/\/tunahavuz.com\/online\/wp-json\/wp\/v2\/product"}],"about":[{"href":"https:\/\/tunahavuz.com\/online\/wp-json\/wp\/v2\/types\/product"}],"version-history":[{"count":1,"href":"https:\/\/tunahavuz.com\/online\/wp-json\/wp\/v2\/product\/9333\/revisions"}],"predecessor-version":[{"id":29476,"href":"https:\/\/tunahavuz.com\/online\/wp-json\/wp\/v2\/product\/9333\/revisions\/29476"}],"wp:featuredmedia":[{"embeddable":true,"href":"https:\/\/tunahavuz.com\/online\/wp-json\/wp\/v2\/media\/9334"}],"wp:attachment":[{"href":"https:\/\/tunahavuz.com\/online\/wp-json\/wp\/v2\/media?parent=9333"}],"wp:term":[{"taxonomy":"product_brand","embeddable":true,"href":"https:\/\/tunahavuz.com\/online\/wp-json\/wp\/v2\/product_brand?post=9333"},{"taxonomy":"product_cat","embeddable":true,"href":"https:\/\/tunahavuz.com\/online\/wp-json\/wp\/v2\/product_cat?post=9333"},{"taxonomy":"product_tag","embeddable":true,"href":"https:\/\/tunahavuz.com\/online\/wp-json\/wp\/v2\/product_tag?post=9333"}],"curies":[{"name":"wp","href":"https:\/\/api.w.org\/{rel}","templated":true}]}}