{"id":9345,"date":"2022-12-21T03:28:54","date_gmt":"2022-12-21T00:28:54","guid":{"rendered":"https:\/\/tunahavuz.com\/?post_type=product&#038;p=9345"},"modified":"2025-08-07T11:58:07","modified_gmt":"2025-08-07T08:58:07","slug":"havuz-kenar-kaymazi-yesil","status":"publish","type":"product","link":"https:\/\/tunahavuz.com\/online\/urun\/havuz-kenar-kaymazi-yesil\/","title":{"rendered":"Havuz Kenar Kaymaz\u0131 Ye\u015fil"},"content":{"rendered":"<h1>Havuz Kenar Kaymaz\u0131 Ye\u015fil<\/h1>\n<h1><\/h1>\n<h2>Gema\u015f Havuz Kenar\u0131 i\u00e7in Plastik Kaymaz Yolluk\u00a0Ye\u015fil<\/h2>\n<h2>\u00a0Renk:\u00a0Ye\u015fil<\/h2>\n<h2>\u00a0Malzeme: Plastik<\/h2>\n<h2>\u00a0En: 0,9 metre<\/h2>\n<h2>\u00a015 metrelik rulolar halinde sat\u0131lmaktad\u0131r.<\/h2>\n<h2><\/h2>\n<h2><img decoding=\"async\" src=\"https:\/\/www.havuzdan.com\/class\/INNOVAEditor\/assets\/havuz-kenari-icin-plastik-kaymaz-kenar-kaymazi-gemas-havuzdan.jpg\" alt=\"\" border=\"0\" \/><\/h2>\n<p>&nbsp;<\/p>\n<h2>Gema\u015f Markas\u0131 Hakk\u0131nda :<\/h2>\n<div>\n<div><\/div>\n<div>GEMA\u015e GENEL M\u00dcHEND\u0130SL\u0130K A\u015e , 23.09.1993 tarihinde halen firman\u0131n Genel M\u00fcd\u00fcrl\u00fck g\u00f6revini s\u00fcrd\u00fcrmekte olan \u0130brahim \u00dcST\u00dcNES&#8217;in \u00f6nc\u00fcl\u00fc\u011f\u00fcnde \u0130stanbul\u2019da kurulmu\u015ftur.\u00a0 GEMA\u015e\u2019\u0131n ana i\u015ftigal konusu, y\u00fczme havuzu ekipmanlar\u0131 ve kimyasallar\u0131n\u0131n \u00fcretimi ve sat\u0131\u015f\u0131d\u0131r.<\/div>\n<div><\/div>\n<div>Firma halen \u00fcretim, lojistik ve sat\u0131\u015f operasyonlar\u0131n\u0131; 7000 m2si kapal\u0131, toplam 8500 m2 \u00fcretim\/depolama sahas\u0131, ayr\u0131ca 500 m2 ofis alan\u0131 ve 150den fazla \u00e7al\u0131\u015fan\u0131 ile 6 farkl\u0131 noktada y\u00fcr\u00fctmektedir.<\/div>\n<div><\/div>\n<div>2011 y\u0131l\u0131ndan bu yana \u0130zmir\/ITOB Fabrika ana \u00fcretim merkezi olup; \u0130stanbul, Antalya, Bodrum, \u0130zmir (Merkez) ve Sofya\u2019da sat\u0131\u015f noktalar\u0131 mevcuttur.<\/div>\n<div><\/div>\n<div>GEMA\u015e, D\u00fcnya Y\u00fczme Havuzu Sekt\u00f6r\u00fcnde e\u015fine az rastlan\u0131r geni\u015flikte bir \u00fcr\u00fcn portf\u00f6y\u00fcne sahiptir. Sekt\u00f6rdeki g\u00fc\u00e7l\u00fc liderlik konumunda b\u00fcy\u00fck etkisi olan bu \u00fcr\u00fcnlerin tamam\u0131, firman\u0131n \u0130zmir \u0130TOB fabrikas\u0131nda \u00fcretilmektedir.<\/div>\n<div><\/div>\n<div>Profesyoneller yada Bireyseller i\u00e7in y\u00fcksek kaliteli markalar\u0131, teknolojiye uygun \u00fcr\u00fcnleri <strong>Tuna Havuz<\/strong> olarak<br \/>\nT\u00fcrkiye\u2019nin d\u00f6rt bir yan\u0131na sunmaktay\u0131z. Ev Havuzu, Y\u00fczme Havuzu, Olimpik Havuzlar, Bah\u00e7e Havuzlar\u0131, G\u00f6letler ve<br \/>\nT\u00fcm Havuz \u0130htiya\u00e7lar\u0131n\u0131z\u0131 tam ve eksiksiz sa\u011flayabilmek i\u00e7in bir telefon kadar yak\u0131n\u0131n\u0131zday\u0131z&#8230;<\/div>\n<\/div>\n","protected":false},"excerpt":{"rendered":"<p>Havuz Kenar Kaymaz\u0131 Ye\u015fil Gema\u015f Havuz Kenar\u0131 i\u00e7in Plastik Kaymaz Yolluk\u00a0Ye\u015fil \u00a0Renk:\u00a0Ye\u015fil \u00a0Malzeme: Plastik \u00a0En: 0,9 metre \u00a015 metrelik rulolar<\/p>\n","protected":false},"featured_media":9346,"template":"","meta":[],"product_brand":[],"product_cat":[299,306,307],"product_tag":[],"class_list":{"0":"post-9345","1":"product","2":"type-product","3":"status-publish","4":"has-post-thumbnail","6":"product_cat-havuz-ekipmanlari","7":"product_cat-havuz-kenar-ekipmanlari","8":"product_cat-havuz-kenar-kaymazi","10":"first","11":"instock","12":"taxable","13":"shipping-taxable","14":"product-type-simple"},"_links":{"self":[{"href":"https:\/\/tunahavuz.com\/online\/wp-json\/wp\/v2\/product\/9345","targetHints":{"allow":["GET"]}}],"collection":[{"href":"https:\/\/tunahavuz.com\/online\/wp-json\/wp\/v2\/product"}],"about":[{"href":"https:\/\/tunahavuz.com\/online\/wp-json\/wp\/v2\/types\/product"}],"version-history":[{"count":1,"href":"https:\/\/tunahavuz.com\/online\/wp-json\/wp\/v2\/product\/9345\/revisions"}],"predecessor-version":[{"id":29472,"href":"https:\/\/tunahavuz.com\/online\/wp-json\/wp\/v2\/product\/9345\/revisions\/29472"}],"wp:featuredmedia":[{"embeddable":true,"href":"https:\/\/tunahavuz.com\/online\/wp-json\/wp\/v2\/media\/9346"}],"wp:attachment":[{"href":"https:\/\/tunahavuz.com\/online\/wp-json\/wp\/v2\/media?parent=9345"}],"wp:term":[{"taxonomy":"product_brand","embeddable":true,"href":"https:\/\/tunahavuz.com\/online\/wp-json\/wp\/v2\/product_brand?post=9345"},{"taxonomy":"product_cat","embeddable":true,"href":"https:\/\/tunahavuz.com\/online\/wp-json\/wp\/v2\/product_cat?post=9345"},{"taxonomy":"product_tag","embeddable":true,"href":"https:\/\/tunahavuz.com\/online\/wp-json\/wp\/v2\/product_tag?post=9345"}],"curies":[{"name":"wp","href":"https:\/\/api.w.org\/{rel}","templated":true}]}}