{"id":9348,"date":"2022-12-21T03:30:29","date_gmt":"2022-12-21T00:30:29","guid":{"rendered":"https:\/\/tunahavuz.com\/?post_type=product&#038;p=9348"},"modified":"2025-08-07T11:57:58","modified_gmt":"2025-08-07T08:57:58","slug":"havuz-kaydiragi-saga-kivrik","status":"publish","type":"product","link":"https:\/\/tunahavuz.com\/online\/urun\/havuz-kaydiragi-saga-kivrik\/","title":{"rendered":"Havuz Kayd\u0131ra\u011f\u0131, Sa\u011fa K\u0131vr\u0131k"},"content":{"rendered":"<h1>Gema\u015f Havuz Kayd\u0131ra\u011f\u0131<\/h1>\n<h1><\/h1>\n<div>CTP&#8217;den mamul havuz kayd\u0131ra\u011f\u0131. Havuz besleme hatt\u0131na ba\u011flanmak \u00fczere hortum tesisat\u0131 ile komple.Tutamaklar AISI 304 kalite paslanmaz \u00e7elik.<\/div>\n<div><\/div>\n<div><img decoding=\"async\" src=\"https:\/\/www.havuzdan.com\/class\/INNOVAEditor\/assets\/gemas-havuz-kaydiragi-03520-03521.jpg\" alt=\"Gema\u015f Havuz Kayd\u0131ra\u011f\u0131\" border=\"0\" \/><\/div>\n<div><\/div>\n<div>Profesyoneller yada Bireyseller i\u00e7in y\u00fcksek kaliteli markalar\u0131, teknolojiye uygun \u00fcr\u00fcnleri <strong>Tuna Havuz<\/strong> olarak<br \/>\nT\u00fcrkiye\u2019nin d\u00f6rt bir yan\u0131na sunmaktay\u0131z. Ev Havuzu, Y\u00fczme Havuzu, Olimpik Havuzlar, Bah\u00e7e Havuzlar\u0131, G\u00f6letler ve<br \/>\nT\u00fcm Havuz \u0130htiya\u00e7lar\u0131n\u0131z\u0131 tam ve eksiksiz sa\u011flayabilmek i\u00e7in bir telefon kadar yak\u0131n\u0131n\u0131zday\u0131z&#8230;<\/div>\n","protected":false},"excerpt":{"rendered":"<p>Gema\u015f Havuz Kayd\u0131ra\u011f\u0131 CTP&#8217;den mamul havuz kayd\u0131ra\u011f\u0131. Havuz besleme hatt\u0131na ba\u011flanmak \u00fczere hortum tesisat\u0131 ile komple.Tutamaklar AISI 304 kalite paslanmaz<\/p>\n","protected":false},"featured_media":9349,"template":"","meta":[],"product_brand":[],"product_cat":[299,586,306],"product_tag":[],"class_list":{"0":"post-9348","1":"product","2":"type-product","3":"status-publish","4":"has-post-thumbnail","6":"product_cat-havuz-ekipmanlari","7":"product_cat-havuz-kaydiraklari","8":"product_cat-havuz-kenar-ekipmanlari","10":"first","11":"instock","12":"taxable","13":"shipping-taxable","14":"product-type-simple"},"_links":{"self":[{"href":"https:\/\/tunahavuz.com\/online\/wp-json\/wp\/v2\/product\/9348","targetHints":{"allow":["GET"]}}],"collection":[{"href":"https:\/\/tunahavuz.com\/online\/wp-json\/wp\/v2\/product"}],"about":[{"href":"https:\/\/tunahavuz.com\/online\/wp-json\/wp\/v2\/types\/product"}],"version-history":[{"count":1,"href":"https:\/\/tunahavuz.com\/online\/wp-json\/wp\/v2\/product\/9348\/revisions"}],"predecessor-version":[{"id":29471,"href":"https:\/\/tunahavuz.com\/online\/wp-json\/wp\/v2\/product\/9348\/revisions\/29471"}],"wp:featuredmedia":[{"embeddable":true,"href":"https:\/\/tunahavuz.com\/online\/wp-json\/wp\/v2\/media\/9349"}],"wp:attachment":[{"href":"https:\/\/tunahavuz.com\/online\/wp-json\/wp\/v2\/media?parent=9348"}],"wp:term":[{"taxonomy":"product_brand","embeddable":true,"href":"https:\/\/tunahavuz.com\/online\/wp-json\/wp\/v2\/product_brand?post=9348"},{"taxonomy":"product_cat","embeddable":true,"href":"https:\/\/tunahavuz.com\/online\/wp-json\/wp\/v2\/product_cat?post=9348"},{"taxonomy":"product_tag","embeddable":true,"href":"https:\/\/tunahavuz.com\/online\/wp-json\/wp\/v2\/product_tag?post=9348"}],"curies":[{"name":"wp","href":"https:\/\/api.w.org\/{rel}","templated":true}]}}