{"id":9351,"date":"2022-12-21T03:32:19","date_gmt":"2022-12-21T00:32:19","guid":{"rendered":"https:\/\/tunahavuz.com\/?post_type=product&#038;p=9351"},"modified":"2025-08-07T11:57:50","modified_gmt":"2025-08-07T08:57:50","slug":"ayak-dezenfeksiyon-teknesi-70-x-45-polyester","status":"publish","type":"product","link":"https:\/\/tunahavuz.com\/online\/urun\/ayak-dezenfeksiyon-teknesi-70-x-45-polyester\/","title":{"rendered":"Ayak Dezenfeksiyon Teknesi 70 x 45 Polyester"},"content":{"rendered":"<h1>Ayak Dezenfeksiyon Teknesi<\/h1>\n<div>Polyester ayak y\u0131kama k\u00fcveti, y\u00fczme havuzu, SPA-Sauna ve Jakuzi giri\u015flerinde dezenfeksiyon sa\u011flamak amac\u0131 ile kullan\u0131lmaktad\u0131r.<\/div>\n<div><\/div>\n<div>Ayak temizli\u011fi ve dezenfeksiyon gerektiren di\u011fer ama\u00e7larda kullanabilece\u011finiz ayak y\u0131kama k\u00fcveti \u00f6l\u00e7\u00fcleri 75 X 46 cm boyutlar\u0131nda ve 12 cm derinli\u011findedir.<\/div>\n<div><\/div>\n<div>Profesyoneller yada Bireyseller i\u00e7in y\u00fcksek kaliteli markalar\u0131, teknolojiye uygun \u00fcr\u00fcnleri <strong>Tuna Havuz<\/strong> olarak<br \/>\nT\u00fcrkiye\u2019nin d\u00f6rt bir yan\u0131na sunmaktay\u0131z. Ev Havuzu, Y\u00fczme Havuzu, Olimpik Havuzlar, Bah\u00e7e Havuzlar\u0131, G\u00f6letler ve<br \/>\nT\u00fcm Havuz \u0130htiya\u00e7lar\u0131n\u0131z\u0131 tam ve eksiksiz sa\u011flayabilmek i\u00e7in bir telefon kadar yak\u0131n\u0131n\u0131zday\u0131z&#8230;<\/div>\n","protected":false},"excerpt":{"rendered":"<p>Ayak Dezenfeksiyon Teknesi Polyester ayak y\u0131kama k\u00fcveti, y\u00fczme havuzu, SPA-Sauna ve Jakuzi giri\u015flerinde dezenfeksiyon sa\u011flamak amac\u0131 ile kullan\u0131lmaktad\u0131r. Ayak temizli\u011fi<\/p>\n","protected":false},"featured_media":9352,"template":"","meta":[],"product_brand":[],"product_cat":[555,299,306],"product_tag":[],"class_list":{"0":"post-9351","1":"product","2":"type-product","3":"status-publish","4":"has-post-thumbnail","6":"product_cat-ayak-banyolari","7":"product_cat-havuz-ekipmanlari","8":"product_cat-havuz-kenar-ekipmanlari","10":"first","11":"instock","12":"taxable","13":"shipping-taxable","14":"product-type-simple"},"_links":{"self":[{"href":"https:\/\/tunahavuz.com\/online\/wp-json\/wp\/v2\/product\/9351","targetHints":{"allow":["GET"]}}],"collection":[{"href":"https:\/\/tunahavuz.com\/online\/wp-json\/wp\/v2\/product"}],"about":[{"href":"https:\/\/tunahavuz.com\/online\/wp-json\/wp\/v2\/types\/product"}],"version-history":[{"count":1,"href":"https:\/\/tunahavuz.com\/online\/wp-json\/wp\/v2\/product\/9351\/revisions"}],"predecessor-version":[{"id":29470,"href":"https:\/\/tunahavuz.com\/online\/wp-json\/wp\/v2\/product\/9351\/revisions\/29470"}],"wp:featuredmedia":[{"embeddable":true,"href":"https:\/\/tunahavuz.com\/online\/wp-json\/wp\/v2\/media\/9352"}],"wp:attachment":[{"href":"https:\/\/tunahavuz.com\/online\/wp-json\/wp\/v2\/media?parent=9351"}],"wp:term":[{"taxonomy":"product_brand","embeddable":true,"href":"https:\/\/tunahavuz.com\/online\/wp-json\/wp\/v2\/product_brand?post=9351"},{"taxonomy":"product_cat","embeddable":true,"href":"https:\/\/tunahavuz.com\/online\/wp-json\/wp\/v2\/product_cat?post=9351"},{"taxonomy":"product_tag","embeddable":true,"href":"https:\/\/tunahavuz.com\/online\/wp-json\/wp\/v2\/product_tag?post=9351"}],"curies":[{"name":"wp","href":"https:\/\/api.w.org\/{rel}","templated":true}]}}