{"id":9376,"date":"2022-12-21T04:03:21","date_gmt":"2022-12-21T01:03:21","guid":{"rendered":"https:\/\/tunahavuz.com\/?post_type=product&#038;p=9376"},"modified":"2025-08-07T11:56:35","modified_gmt":"2025-08-07T08:56:35","slug":"tabandan-besleme-nozulu-paslanmaz-celik-kapakli","status":"publish","type":"product","link":"https:\/\/tunahavuz.com\/online\/urun\/tabandan-besleme-nozulu-paslanmaz-celik-kapakli\/","title":{"rendered":"Tabandan Besleme Nozulu Paslanmaz \u00c7elik Kapakl\u0131"},"content":{"rendered":"<div>\n<h2>Besleme Nozullar\u0131 (Beton Havuzlar) &#8211; P. \u00c7elik<\/h2>\n<h3>GEMA\u015e BESLEME NOZULU<\/h3>\n<h4>BETON HAVUZLAR \u0130\u00c7\u0130N NOZUL<\/h4>\n<p>Paslanmaz \u00c7elik Kapakl\u0131 Tabandan Besleme Nozulu &#8211; Sabit Debili.<\/p><\/div>\n<div>G\u00f6vde ABS plastikten mamul olup, \u00f6n y\u00fczeye AISI 304 kalite paslanmaz \u00e7elik sac giydirilmi\u015ftir.<\/div>\n<div>G\u00f6be\u011fi masif paslanmaz \u00e7eliktir.<br \/>\n2\u201d- d\u0131\u015ftan yap\u0131\u015ft\u0131rma.<\/div>\n<div><\/div>\n<div>\n<p>Talep \u00fczerine \u00e7e\u015fitli se\u00e7enekler ve versiyonlar mevcuttur.<\/p>\n<p>Profesyoneller yada Bireyseller i\u00e7in y\u00fcksek kaliteli markalar\u0131, teknolojiye uygun \u00fcr\u00fcnleri <strong>Tuna Havuz<\/strong> olarak<br \/>\nT\u00fcrkiye\u2019nin d\u00f6rt bir yan\u0131na sunmaktay\u0131z. Ev Havuzu, Y\u00fczme Havuzu, Olimpik Havuzlar, Bah\u00e7e Havuzlar\u0131, G\u00f6letler ve<br \/>\nT\u00fcm Havuz \u0130htiya\u00e7lar\u0131n\u0131z\u0131 tam ve eksiksiz sa\u011flayabilmek i\u00e7in bir telefon kadar yak\u0131n\u0131n\u0131zday\u0131z&#8230;<\/p>\n<\/div>\n","protected":false},"excerpt":{"rendered":"<p>Besleme Nozullar\u0131 (Beton Havuzlar) &#8211; P. \u00c7elik GEMA\u015e BESLEME NOZULU BETON HAVUZLAR \u0130\u00c7\u0130N NOZUL Paslanmaz \u00c7elik Kapakl\u0131 Tabandan Besleme Nozulu<\/p>\n","protected":false},"featured_media":9377,"template":"","meta":[],"product_brand":[],"product_cat":[299,303,310,411],"product_tag":[],"class_list":{"0":"post-9376","1":"product","2":"type-product","3":"status-publish","4":"has-post-thumbnail","6":"product_cat-havuz-ekipmanlari","7":"product_cat-havuz-ici-ekipmanlar","8":"product_cat-havuz-nozullari","9":"product_cat-paslanmaz-havuz-nozullari","11":"first","12":"instock","13":"taxable","14":"shipping-taxable","15":"product-type-simple"},"_links":{"self":[{"href":"https:\/\/tunahavuz.com\/online\/wp-json\/wp\/v2\/product\/9376","targetHints":{"allow":["GET"]}}],"collection":[{"href":"https:\/\/tunahavuz.com\/online\/wp-json\/wp\/v2\/product"}],"about":[{"href":"https:\/\/tunahavuz.com\/online\/wp-json\/wp\/v2\/types\/product"}],"version-history":[{"count":1,"href":"https:\/\/tunahavuz.com\/online\/wp-json\/wp\/v2\/product\/9376\/revisions"}],"predecessor-version":[{"id":29462,"href":"https:\/\/tunahavuz.com\/online\/wp-json\/wp\/v2\/product\/9376\/revisions\/29462"}],"wp:featuredmedia":[{"embeddable":true,"href":"https:\/\/tunahavuz.com\/online\/wp-json\/wp\/v2\/media\/9377"}],"wp:attachment":[{"href":"https:\/\/tunahavuz.com\/online\/wp-json\/wp\/v2\/media?parent=9376"}],"wp:term":[{"taxonomy":"product_brand","embeddable":true,"href":"https:\/\/tunahavuz.com\/online\/wp-json\/wp\/v2\/product_brand?post=9376"},{"taxonomy":"product_cat","embeddable":true,"href":"https:\/\/tunahavuz.com\/online\/wp-json\/wp\/v2\/product_cat?post=9376"},{"taxonomy":"product_tag","embeddable":true,"href":"https:\/\/tunahavuz.com\/online\/wp-json\/wp\/v2\/product_tag?post=9376"}],"curies":[{"name":"wp","href":"https:\/\/api.w.org\/{rel}","templated":true}]}}