{"id":9388,"date":"2022-12-21T04:11:19","date_gmt":"2022-12-21T01:11:19","guid":{"rendered":"https:\/\/tunahavuz.com\/?post_type=product&#038;p=9388"},"modified":"2025-08-07T11:50:26","modified_gmt":"2025-08-07T08:50:26","slug":"nozbart-kuresel-asit-vanasi-d-110-mm-yapistirmali","status":"publish","type":"product","link":"https:\/\/tunahavuz.com\/online\/urun\/nozbart-kuresel-asit-vanasi-d-110-mm-yapistirmali\/","title":{"rendered":"Nozbart K\u00fcresel Asit Vanas\u0131 d.110 mm (Yap\u0131\u015ft\u0131rmal\u0131)"},"content":{"rendered":"<h1>Nozbart Ede Tipi Yap\u0131\u015ft\u0131rma K\u00fcresel Asit Vanalar\u0131\u00a0 \u00a0 \u00a0 \u00a0 \u00a0 \u00a0 ( U-PVC )<\/h1>\n<div><img decoding=\"async\" src=\"https:\/\/www.havuzdan.com\/class\/INNOVAEditor\/assets\/nozbart_ede_yapistirma_3.1.jpg\" alt=\"Nozbart K\u00fcresel Su Vana\" border=\"0\" \/><\/div>\n<div><\/div>\n<div>\n<h1><\/h1>\n<h1><img decoding=\"async\" src=\"https:\/\/www.havuzdan.com\/class\/INNOVAEditor\/assets\/nozbart_asit_yapistirma_3.2.jpg\" alt=\"Nozbart K\u00fcresel Su Vana\" border=\"0\" \/><\/h1>\n<h1><img decoding=\"async\" src=\"https:\/\/www.havuzdan.com\/class\/INNOVAEditor\/assets\/nozbart_ede_yapistirma_4.jpg\" alt=\"Nozbart K\u00fcresel Su Vana\" border=\"0\" \/><\/h1>\n<h1><img decoding=\"async\" src=\"https:\/\/www.havuzdan.com\/class\/INNOVAEditor\/assets\/nozbart_ede_yapistirma_5.jpg\" alt=\"Nozbart K\u00fcresel Su Vana\" border=\"0\" \/><\/h1>\n<h1><\/h1>\n<h1><\/h1>\n<h1><img decoding=\"async\" src=\"https:\/\/www.havuzdan.com\/class\/INNOVAEditor\/assets\/nozbart_asit_yapistirma_1.jpg\" alt=\"Nozbart K\u00fcresel Asit Vana\" border=\"0\" \/><\/h1>\n<\/div>\n<p>Profesyoneller yada Bireyseller i\u00e7in y\u00fcksek kaliteli markalar\u0131, teknolojiye uygun \u00fcr\u00fcnleri <strong>Tuna Havuz<\/strong> olarak<br \/>\nT\u00fcrkiye\u2019nin d\u00f6rt bir yan\u0131na sunmaktay\u0131z. Ev Havuzu, Y\u00fczme Havuzu, Olimpik Havuzlar, Bah\u00e7e Havuzlar\u0131, G\u00f6letler ve<br \/>\nT\u00fcm Havuz \u0130htiya\u00e7lar\u0131n\u0131z\u0131 tam ve eksiksiz sa\u011flayabilmek i\u00e7in bir telefon kadar yak\u0131n\u0131n\u0131zday\u0131z&#8230;<\/p>\n","protected":false},"excerpt":{"rendered":"<p>Nozbart Ede Tipi Yap\u0131\u015ft\u0131rma K\u00fcresel Asit Vanalar\u0131\u00a0 \u00a0 \u00a0 \u00a0 \u00a0 \u00a0 ( U-PVC ) Profesyoneller yada Bireyseller i\u00e7in y\u00fcksek<\/p>\n","protected":false},"featured_media":9389,"template":"","meta":[],"product_brand":[],"product_cat":[299,596,525],"product_tag":[],"class_list":{"0":"post-9388","1":"product","2":"type-product","3":"status-publish","4":"has-post-thumbnail","6":"product_cat-havuz-ekipmanlari","7":"product_cat-kuresel-vanalar","8":"product_cat-vanalar-ve-pvc-ek-parcalari","10":"first","11":"instock","12":"taxable","13":"shipping-taxable","14":"product-type-simple"},"_links":{"self":[{"href":"https:\/\/tunahavuz.com\/online\/wp-json\/wp\/v2\/product\/9388","targetHints":{"allow":["GET"]}}],"collection":[{"href":"https:\/\/tunahavuz.com\/online\/wp-json\/wp\/v2\/product"}],"about":[{"href":"https:\/\/tunahavuz.com\/online\/wp-json\/wp\/v2\/types\/product"}],"version-history":[{"count":1,"href":"https:\/\/tunahavuz.com\/online\/wp-json\/wp\/v2\/product\/9388\/revisions"}],"predecessor-version":[{"id":29457,"href":"https:\/\/tunahavuz.com\/online\/wp-json\/wp\/v2\/product\/9388\/revisions\/29457"}],"wp:featuredmedia":[{"embeddable":true,"href":"https:\/\/tunahavuz.com\/online\/wp-json\/wp\/v2\/media\/9389"}],"wp:attachment":[{"href":"https:\/\/tunahavuz.com\/online\/wp-json\/wp\/v2\/media?parent=9388"}],"wp:term":[{"taxonomy":"product_brand","embeddable":true,"href":"https:\/\/tunahavuz.com\/online\/wp-json\/wp\/v2\/product_brand?post=9388"},{"taxonomy":"product_cat","embeddable":true,"href":"https:\/\/tunahavuz.com\/online\/wp-json\/wp\/v2\/product_cat?post=9388"},{"taxonomy":"product_tag","embeddable":true,"href":"https:\/\/tunahavuz.com\/online\/wp-json\/wp\/v2\/product_tag?post=9388"}],"curies":[{"name":"wp","href":"https:\/\/api.w.org\/{rel}","templated":true}]}}