{"id":9394,"date":"2022-12-21T04:14:43","date_gmt":"2022-12-21T01:14:43","guid":{"rendered":"https:\/\/tunahavuz.com\/?post_type=product&#038;p=9394"},"modified":"2025-08-07T11:50:09","modified_gmt":"2025-08-07T08:50:09","slug":"divitech-pvc-yapistirici-1-kg","status":"publish","type":"product","link":"https:\/\/tunahavuz.com\/online\/urun\/divitech-pvc-yapistirici-1-kg\/","title":{"rendered":"Divitech PVC Yap\u0131\u015ft\u0131r\u0131c\u0131 1 Kg"},"content":{"rendered":"<h1>Divitech PVC Yap\u0131\u015ft\u0131r\u0131c\u0131 1 Kg<\/h1>\n<h1>Divitech PVC yap\u0131\u015ft\u0131r\u0131c\u0131s\u0131 her \u00e7apta ve s\u0131n\u0131ftaki U-PVC malzeme tesisatlar\u0131nda kullan\u0131ma uygundur.<\/h1>\n<h1>Kapa\u011f\u0131na monte edilmi\u015f f\u0131r\u00e7a ile uygulama yap\u0131labilir.<\/h1>\n<h1>Yap\u0131\u015ft\u0131r\u0131lacak y\u00fczey temiz olmal\u0131d\u0131r.<\/h1>\n<h1>Uygulanacak b\u00f6lge temiz olmal\u0131d\u0131r.<\/h1>\n<h1>Daha iyi yap\u0131\u015fma i\u00e7in y\u00fczeyin z\u0131mpara ile \u00e7apak ve y\u00fczey kirlerinden ar\u0131nd\u0131r\u0131lm\u0131\u015f olmas\u0131n\u0131 tavsiye ederiz.<\/h1>\n<p>&nbsp;<\/p>\n<p>Profesyoneller yada Bireyseller i\u00e7in y\u00fcksek kaliteli markalar\u0131, teknolojiye uygun \u00fcr\u00fcnleri <strong>Tuna Havuz<\/strong> olarak<br \/>\nT\u00fcrkiye\u2019nin d\u00f6rt bir yan\u0131na sunmaktay\u0131z. Ev Havuzu, Y\u00fczme Havuzu, Olimpik Havuzlar, Bah\u00e7e Havuzlar\u0131, G\u00f6letler ve<br \/>\nT\u00fcm Havuz \u0130htiya\u00e7lar\u0131n\u0131z\u0131 tam ve eksiksiz sa\u011flayabilmek i\u00e7in bir telefon kadar yak\u0131n\u0131n\u0131zday\u0131z&#8230;<\/p>\n","protected":false},"excerpt":{"rendered":"<p>Divitech PVC Yap\u0131\u015ft\u0131r\u0131c\u0131 1 Kg Divitech PVC yap\u0131\u015ft\u0131r\u0131c\u0131s\u0131 her \u00e7apta ve s\u0131n\u0131ftaki U-PVC malzeme tesisatlar\u0131nda kullan\u0131ma uygundur. Kapa\u011f\u0131na monte edilmi\u015f<\/p>\n","protected":false},"featured_media":9395,"template":"","meta":[],"product_brand":[],"product_cat":[562,299,525],"product_tag":[],"class_list":{"0":"post-9394","1":"product","2":"type-product","3":"status-publish","4":"has-post-thumbnail","6":"product_cat-cek-valfler","7":"product_cat-havuz-ekipmanlari","8":"product_cat-vanalar-ve-pvc-ek-parcalari","10":"first","11":"instock","12":"taxable","13":"shipping-taxable","14":"product-type-simple"},"_links":{"self":[{"href":"https:\/\/tunahavuz.com\/online\/wp-json\/wp\/v2\/product\/9394","targetHints":{"allow":["GET"]}}],"collection":[{"href":"https:\/\/tunahavuz.com\/online\/wp-json\/wp\/v2\/product"}],"about":[{"href":"https:\/\/tunahavuz.com\/online\/wp-json\/wp\/v2\/types\/product"}],"version-history":[{"count":1,"href":"https:\/\/tunahavuz.com\/online\/wp-json\/wp\/v2\/product\/9394\/revisions"}],"predecessor-version":[{"id":29455,"href":"https:\/\/tunahavuz.com\/online\/wp-json\/wp\/v2\/product\/9394\/revisions\/29455"}],"wp:featuredmedia":[{"embeddable":true,"href":"https:\/\/tunahavuz.com\/online\/wp-json\/wp\/v2\/media\/9395"}],"wp:attachment":[{"href":"https:\/\/tunahavuz.com\/online\/wp-json\/wp\/v2\/media?parent=9394"}],"wp:term":[{"taxonomy":"product_brand","embeddable":true,"href":"https:\/\/tunahavuz.com\/online\/wp-json\/wp\/v2\/product_brand?post=9394"},{"taxonomy":"product_cat","embeddable":true,"href":"https:\/\/tunahavuz.com\/online\/wp-json\/wp\/v2\/product_cat?post=9394"},{"taxonomy":"product_tag","embeddable":true,"href":"https:\/\/tunahavuz.com\/online\/wp-json\/wp\/v2\/product_tag?post=9394"}],"curies":[{"name":"wp","href":"https:\/\/api.w.org\/{rel}","templated":true}]}}