{"id":9397,"date":"2022-12-21T04:16:22","date_gmt":"2022-12-21T01:16:22","guid":{"rendered":"https:\/\/tunahavuz.com\/?post_type=product&#038;p=9397"},"modified":"2025-08-07T11:49:59","modified_gmt":"2025-08-07T08:49:59","slug":"neta-6-yollu-vana-4-disli-siyah-midas","status":"publish","type":"product","link":"https:\/\/tunahavuz.com\/online\/urun\/neta-6-yollu-vana-4-disli-siyah-midas\/","title":{"rendered":"Neta 6 Yollu Vana 4&#8221; Di\u015fli Siyah M\u0130DAS"},"content":{"rendered":"<h1>NETA ALTI YOLLU VANALAR M\u0130DAS.<\/h1>\n<h1><\/h1>\n<h1>NETA 6-WAY VALVES M\u0130DAS.<\/h1>\n<h1><\/h1>\n<h1><img decoding=\"async\" src=\"https:\/\/www.havuzdan.com\/class\/INNOVAEditor\/assets\/Neta_alt%C4%B1yollu_vanalar_5.png\" alt=\"\" border=\"0\" \/><\/h1>\n<h1><\/h1>\n<h1><img decoding=\"async\" src=\"https:\/\/www.havuzdan.com\/class\/INNOVAEditor\/assets\/Neta_alt%C4%B1yollu_vanalar_3.png\" alt=\"\" border=\"0\" \/><\/h1>\n<p>&nbsp;<\/p>\n<p>Profesyoneller yada Bireyseller i\u00e7in y\u00fcksek kaliteli markalar\u0131, teknolojiye uygun \u00fcr\u00fcnleri <strong>Tuna Havuz<\/strong> olarak<br \/>\nT\u00fcrkiye\u2019nin d\u00f6rt bir yan\u0131na sunmaktay\u0131z. Ev Havuzu, Y\u00fczme Havuzu, Olimpik Havuzlar, Bah\u00e7e Havuzlar\u0131, G\u00f6letler ve<br \/>\nT\u00fcm Havuz \u0130htiya\u00e7lar\u0131n\u0131z\u0131 tam ve eksiksiz sa\u011flayabilmek i\u00e7in bir telefon kadar yak\u0131n\u0131n\u0131zday\u0131z&#8230;<\/p>\n","protected":false},"excerpt":{"rendered":"<p>NETA ALTI YOLLU VANALAR M\u0130DAS. NETA 6-WAY VALVES M\u0130DAS. &nbsp; Profesyoneller yada Bireyseller i\u00e7in y\u00fcksek kaliteli markalar\u0131, teknolojiye uygun \u00fcr\u00fcnleri<\/p>\n","protected":false},"featured_media":9398,"template":"","meta":[],"product_brand":[],"product_cat":[547,299,525],"product_tag":[],"class_list":{"0":"post-9397","1":"product","2":"type-product","3":"status-publish","4":"has-post-thumbnail","6":"product_cat-alti-yollu-vanalar","7":"product_cat-havuz-ekipmanlari","8":"product_cat-vanalar-ve-pvc-ek-parcalari","10":"first","11":"instock","12":"taxable","13":"shipping-taxable","14":"product-type-simple"},"_links":{"self":[{"href":"https:\/\/tunahavuz.com\/online\/wp-json\/wp\/v2\/product\/9397","targetHints":{"allow":["GET"]}}],"collection":[{"href":"https:\/\/tunahavuz.com\/online\/wp-json\/wp\/v2\/product"}],"about":[{"href":"https:\/\/tunahavuz.com\/online\/wp-json\/wp\/v2\/types\/product"}],"version-history":[{"count":1,"href":"https:\/\/tunahavuz.com\/online\/wp-json\/wp\/v2\/product\/9397\/revisions"}],"predecessor-version":[{"id":29454,"href":"https:\/\/tunahavuz.com\/online\/wp-json\/wp\/v2\/product\/9397\/revisions\/29454"}],"wp:featuredmedia":[{"embeddable":true,"href":"https:\/\/tunahavuz.com\/online\/wp-json\/wp\/v2\/media\/9398"}],"wp:attachment":[{"href":"https:\/\/tunahavuz.com\/online\/wp-json\/wp\/v2\/media?parent=9397"}],"wp:term":[{"taxonomy":"product_brand","embeddable":true,"href":"https:\/\/tunahavuz.com\/online\/wp-json\/wp\/v2\/product_brand?post=9397"},{"taxonomy":"product_cat","embeddable":true,"href":"https:\/\/tunahavuz.com\/online\/wp-json\/wp\/v2\/product_cat?post=9397"},{"taxonomy":"product_tag","embeddable":true,"href":"https:\/\/tunahavuz.com\/online\/wp-json\/wp\/v2\/product_tag?post=9397"}],"curies":[{"name":"wp","href":"https:\/\/api.w.org\/{rel}","templated":true}]}}